{"id":107,"date":"2019-08-15T17:28:02","date_gmt":"2019-08-15T15:28:02","guid":{"rendered":"http:\/\/forelasare.hratonce.com\/?page_id=107"},"modified":"2024-02-14T13:47:57","modified_gmt":"2024-02-14T12:47:57","slug":"allmanna-villkor","status":"publish","type":"page","link":"https:\/\/forelasare.hratonce.com\/coaching\/allmanna-villkor\/","title":{"rendered":"Allm\u00e4nna villkor"},"content":{"rendered":"\n<ul class=\"wp-block-list\">\n<li><strong>Allm\u00e4nt<\/strong> Dessa villkor \u00e4r relaterade till \u00f6verenskommelse mellan anv\u00e4ndare av  b-people coaching community HRatOnce filial och abonnenter av tj\u00e4nsterna som  tillhandah\u00e5lls via https:\/\/forelasare.hratonce.com och https:\/\/hratonce.com.<\/li>\n\n\n\n<li><strong>Tj\u00e4nstens inneh\u00e5ll<\/strong> deltagare ska erh\u00e5lla r\u00e4tten till deltagande i webinarier,  och workshops eller f\u00f6rel\u00e4sningar. F\u00f6rel\u00e4sare h\u00e5ller f\u00f6rel\u00e4sning eller andra konsulttj\u00e4nster digitalt. F\u00f6rel\u00e4sare blir marknadsf\u00f6rda av Bpeople coaching community filial.<\/li>\n\n\n\n<li><strong>F\u00f6rel\u00e4sarkontoat<\/strong> bokas p\u00e5 hemsidan eller genom manuell registrering av administrationen HRatOnce. <\/li>\n\n\n\n<li> Efter  betalningsbekr\u00e4ftelse f\u00e5r abonnenten tillg\u00e5ng till f\u00f6rel\u00e4sarplats som ger abonnenten r\u00e4tt att h\u00e5lla egna f\u00f6rel\u00e4sningarvia haratonce.com hemsida eller genom sin egen hemsida. Abonnenten kan l\u00e4gga upp och ge video kurser. Abonnenten producerar sj\u00e4lv sin videokurs och f\u00e5r tillg\u00e5ng till sin plats p\u00e5 plattformen forelasare.hratonce.com Abonnenten f\u00e5r r\u00e4tt att bjuda in sina egna kunder, s\u00e4tter sina egna priser.Abonnenten kan erh\u00e5lla assistans av team hratonce. Inspelade versioner samt m\u00f6jligheten att ladda ner versioner ges i enlighet med den typ av abonnemang som valts.<\/li>\n\n\n\n<li><strong>Priss\u00e4ttning och betalning<\/strong> <strong> f\u00f6rel\u00e4sare<\/strong> Samtliga medlemskap ger m\u00f6jlighet att hyra en f\u00f6rel\u00e4sar- och utbildarplats och att genom abonnemanget kunna f\u00f6rel\u00e4sa, ge online gruppcoachning samt utbilda live online. <\/li>\n\n\n\n<li>Betalning sker \u00e5rsvis och hanteras av Stripe.com. Stripe-kontot innehas av b-people coaching  Community, \u00e4gare av HRatOnce. Efter 12   m\u00e5nader p\u00e5b\u00f6rjas en ny 12 m\u00e5nadersperiod om ingen upps\u00e4gning skett. Tj\u00e4nsten levereras 100 % digitalt.<\/li>\n\n\n\n<li><strong>Priss\u00e4ttning f\u00f6r ink\u00f6p av individ eller f\u00f6retag till f\u00f6rel\u00e4sningar, workshops och masterclass<\/strong> sker betalning vid bokningen av respektive f\u00f6rel\u00e4sning, workshop , masterclass<\/li>\n<\/ul>\n\n\n\n<p><strong>I tj\u00e4nsten f\u00f6rel\u00e4sarkonto ing\u00e5r:<\/strong><br> &#8211; Tillg\u00e5ng till abonnemang som ger plats att f\u00f6rel\u00e4sa och utbilda live online<br> &#8211; Nedladdningar av eventuella noter i pdf-format<br> &#8211; Inspelade versioner av vissa seminarier<\/p>\n\n\n\n<p>b-people coaching community reserverar sig f\u00f6r eventuella pris\u00e4ndringar. Priserna \u00e4r exklusive moms. <\/p>\n\n\n\n<p><\/p>\n\n\n\n<p><strong>Support<\/strong><br>Abonnenten f\u00f6rel\u00e4sare, har tillg\u00e5ng till HratOnce tekniska support vardagar under kontorstid.<\/p>\n\n\n\n<p><strong>\u00c5terbetalning<\/strong> f\u00f6rel\u00e4sarkonto<br>Fr\u00e5n att abonnenten har betalat in och f\u00e5tt bekr\u00e4ftelse om inkommen betalning till Bpeople Coaching community kan ingen \u00e5terbetalning ske. Abonnemanget f\u00f6rnyas automatiskt efter 12 m\u00e5nader.<\/p>\n\n\n\n<p><strong>Upps\u00e4gning av abonnemang<\/strong> g\u00e4ller f\u00f6rel\u00e4sarkonto<\/p>\n\n\n\n<p><strong>Abonnemanget kan s\u00e4gas upp 30 dagar innan abonnemangets utg\u00e5ng<\/strong><\/p>\n\n\n\n<ol class=\"wp-block-list\">\n<li><strong>High-speed Internet access<\/strong><br> F\u00f6r nyttjande av HRatOnce tj\u00e4nsterna kr\u00e4vs internetuppkoppling och bredband.<\/li>\n\n\n\n<li><strong>Personlig information (PUL)<\/strong><br>Genom tecknande av abonnemang , g\u00e4ller f\u00f6r f\u00f6rel\u00e4sare, ger abonnenten sitt medgivande till att      HRatOnce och Bpeople Coaching Community f\u00e5r anv\u00e4nda abonnentens uppgifter till att lagra och att anv\u00e4ndas i syfte att tillhandah\u00e5lla webinarier och      workshops i syfte av anv\u00e4ndandet av HratOnce tj\u00e4nster.  Bpeople coaching community f\u00f6rbinder sig att inte avsl\u00f6ja abonnentens uppgifter eller annan information till tredje part. <\/li>\n\n\n\n<li>Individer och f\u00f6retag som k\u00f6per enstaka workshop eller f\u00f6rel\u00e4sning ger sitt medgivande till att HRatOnce och Bpeople Coaching Communiy f\u00e5r anv\u00e4nda personers uppgiftet enligt nedan &#8220;Anv\u00e4ndning av personuppgifter&#8221;<\/li>\n<\/ol>\n\n\n\n<p><\/p>\n\n\n\n<p><strong>Anv\u00e4ndning av personuppgifter<\/strong><br>Genom din registrering och\/eller best\u00e4llning samtycker du till att <em>b-people coaching community s\u00e1rl<\/em> lagrar och anv\u00e4nder uppgifter om dina ink\u00f6p samt de kontaktuppgifter du l\u00e4mnar.  Uppgifterna lagras och anv\u00e4nds f\u00f6r att vi ska kunna fullf\u00f6lja v\u00e5ra \u00e5taganden gentemot dig samt b\u00e4ttre kunna tillfredsst\u00e4lla dina behov som kund och ge dig b\u00e4ttre service. Uppgifterna lagras och anv\u00e4nds \u00e4ven i informations- och marknadsf\u00f6ringssyfte.  Detta inneb\u00e4r att b-people Coaching Community S\u00e1rl kan, s\u00e5vida du inte skriftligen motsatt dig det, komma att anv\u00e4nda dina personuppgifter f\u00f6r att kontakta dig via mejl med nyhetsbrev, direkt marknadsf\u00f6ring eller marknadsunders\u00f6kningar.  Du har givetvis m\u00f6jlighet att n\u00e4r som helst skriftligen meddela oss att du mots\u00e4tter dig behandling av dina personuppgifter f\u00f6r marknadsf\u00f6rings\u00e4ndam\u00e5l.<\/p>\n\n\n\n<p><strong>Information enligt personuppgiftslagen (1998:204)<\/strong> <strong>F\u00f6r f\u00f6rel\u00e4sare som  som best\u00e4ller medlemskap<\/strong><br> I syfte att ge dig som abonnent av v\u00e5ra tj\u00e4nster i HratOnce Bpeople coaching community, en god service f\u00f6renad med abonnemanget behandlar Bpeople coaching community dina personuppgifter (inklusive personnummer). Med behandling avses varje \u00e5tg\u00e4rd eller serie av \u00e5tg\u00e4rder som vidtas i fr\u00e5ga om personuppgifterna, vare sig detta sker p\u00e5 automatisk v\u00e4g eller inte, t.ex. insamling, registrering, lagring, \u00e4ndring eller utl\u00e4mnande av personuppgifterna till tredje part. Personuppgifterna behandlas \u00e4ven f\u00f6r att erbjuda dig f\u00f6rm\u00e5ner, genomf\u00f6ra marknadsanalyser och produktutveckling samt f\u00f6r marknadsf\u00f6rings\u00e4ndam\u00e5l. Personuppgifter kan komma att behandlas i samband med publikation av f\u00f6retagsuppgifter p\u00e5 Internet. Behandlingen utf\u00f6rs av Bpeople Coaching community HratOnce . Bpeople coaching community HRatOnce och de f\u00f6retag vi samarbetar med s\u00e5v\u00e4l inom som utom EES-omr\u00e5det. \u00d6verf\u00f6ring av personuppgifterna till tredje land genom publicering p\u00e5 Bpeople coaching community HratOnce hemsida www.hratonce.com kan komma att ske.<\/p>\n\n\n\n<ol class=\"wp-block-list\">\n<li><strong>\u00c4gare av webbadress och\n     hemsida<\/strong><br>\n     HRatOnce.com \u00e4gs av b-people Coaching Community S\u00e1rl.<\/li>\n<\/ol>\n\n\n\n<p><strong>Insamling av information<\/strong><br> Bpeople coaching community HRatOnce erbjuder dig m\u00f6jlighet att via v\u00e5r webbplats best\u00e4lla abonnemang och best\u00e4lla deltagarplats p\u00e5 workshops och f\u00f6rel\u00e4sningar. P\u00e5 webbplatsen f\u00e5r vi information om ditt namn, uppgifter om hur du kan bli kontaktad och information som \u00e4r n\u00f6dv\u00e4ndig f\u00f6r fakturering. Vi f\u00e5r ocks\u00e5 information om aff\u00e4rstransaktionen samt information om din betalning om du v\u00e4ljer att betala med kort.<\/p>\n\n\n\n<p><strong>S\u00e4kerhet<\/strong><br>\nF\u00f6r att f\u00f6rhindra obeh\u00f6rig \u00e5tkomst och f\u00f6r riktigheten hos informationen anv\u00e4nder\nvi oss av env\u00e4gskryptering n\u00e4r k\u00e4nsliga uppgifter, s\u00e5som uppgifter om\nkreditkortsnummer, behandlas. V\u00e5r betalningspartner, <a href=\"https:\/\/stripe.com\/\">Stripe<\/a> uppfyller s\u00e4kerhetskraven PCI-DSS som \u00e4r ett golbalt samlingsbegrepp\nf\u00f6r obligatorisk datas\u00e4kerhetsstandardf\u00f6r betalkortsbranschen..<\/p>\n\n\n\n<p><strong>Anv\u00e4ndning av personuppgifter<\/strong><br> Genom din registrering och\/eller best\u00e4llning samtycker du till att Bpeople coaching community HratOnce filial lagrar och anv\u00e4nder uppgifter om dina ink\u00f6p samt de kontaktuppgifter du l\u00e4mnar. Uppgifterna lagras och anv\u00e4nds f\u00f6r att vi ska kunna fullf\u00f6lja v\u00e5ra \u00e5taganden gentemot dig samt b\u00e4ttre kunna tillfredsst\u00e4lla dina behov som kund och ge dig b\u00e4ttre service. Uppgifterna lagras och anv\u00e4nds \u00e4ven i informations- och marknadsf\u00f6ringssyfte. Detta inneb\u00e4r att Bpeople Coaching community HratOnce filial , s\u00e5vida du inte skriftligen motsatt dig det, komma att anv\u00e4nda dina personuppgifter f\u00f6r att kontakta dig via mejl med nyhetsbrev, direkt marknadsf\u00f6ring eller marknadsunders\u00f6kningar. Du har givetvis m\u00f6jlighet att n\u00e4r som helst skriftligen meddela oss att du mots\u00e4tter dig behandling av dina personuppgifter f\u00f6r marknadsf\u00f6rings\u00e4ndam\u00e5l.<br> Sklckas till: Bpeople coaching community HRatOnce filial, Bj\u00f6rnmossev\u00e4gen 78, 138 37 \u00c4lta<\/p>\n\n\n\n<p>Om du \u00f6nskar r\u00e4ttelse av felaktigheter i personuppgifterna eller\nytterligare information om behandlingen av personuppgifterna kan Bpeople\ncoaching community HratOnce filial kontaktas Telefon 0851972051.<\/p>\n\n\n\n<p><strong>R\u00e4ttelse, insyn och \u00e5terkallelse<\/strong><br> Bpeople coaching community HratOnce filial, Bj\u00f6rnmossev\u00e4gen 78, 138 37 \u00c4lta \u00e4r personuppgiftsansvarig i enlighet med personuppgiftslagen. Om du vill ta del av dess eller har andra fr\u00e5gor r\u00f6rande v\u00e5r behandling av personuppgifter ber vi dig kontakta oss p\u00e5 f\u00f6ljande adress:<\/p>\n\n\n\n<p>Att: Kristina H\u00f6ghielm<br> HratOnce Bpeople coaching community filial<br> Bj\u00f6rnmossev\u00e4gen 78<br> 13837 \u00c4lta<br> E post: info@hratonce.com<\/p>\n\n\n\n<p><strong>Missbruk av dina kontouppgifter<\/strong><br>\nVid f\u00f6rs\u00f6k till bedr\u00e4ger eller annat missburk av tj\u00e4nster p\u00e5 HratOnce.com\nf\u00f6rbeh\u00e5ller sig Bpeople coaching community HratOnce filial att neka anv\u00e4ndare\ntillg\u00e5ng till webbplatsen hratonce.com och de tj\u00e4nster som tillhandah\u00e5lls<\/p>\n\n\n\n<ol class=\"wp-block-list\">\n<li><strong>Tvister<\/strong><br>\n     Tvister relaterade till denna \u00f6verenskommelse ska arbriteras under svensk\n     lag.<\/li>\n<\/ol>\n","protected":false},"excerpt":{"rendered":"<p>I tj\u00e4nsten f\u00f6rel\u00e4sarkonto ing\u00e5r: &#8211; Tillg\u00e5ng till abonnemang som ger plats att f\u00f6rel\u00e4sa och utbilda live online &#8211; Nedladdningar av eventuella noter i pdf-format &#8211; Inspelade versioner av vissa seminarier b-people coaching community reserverar sig f\u00f6r eventuella pris\u00e4ndringar. Priserna \u00e4r exklusive moms. SupportAbonnenten f\u00f6rel\u00e4sare, har tillg\u00e5ng till HratOnce tekniska support vardagar under kontorstid. \u00c5terbetalning f\u00f6rel\u00e4sarkontoFr\u00e5n &hellip;<\/p>\n<p class=\"read-more\"> <a class=\"\" href=\"https:\/\/forelasare.hratonce.com\/coaching\/allmanna-villkor\/\"> <span class=\"screen-reader-text\">Allm\u00e4nna villkor<\/span> L\u00e4s mer &raquo;<\/a><\/p>\n","protected":false},"author":1,"featured_media":0,"parent":0,"menu_order":0,"comment_status":"closed","ping_status":"closed","template":"","meta":{"om_disable_all_campaigns":false,"_exactmetrics_skip_tracking":false,"_exactmetrics_sitenote_active":false,"_exactmetrics_sitenote_note":"","_exactmetrics_sitenote_category":0,"_monsterinsights_skip_tracking":false,"_monsterinsights_sitenote_active":false,"_monsterinsights_sitenote_note":"","_monsterinsights_sitenote_category":0,"site-sidebar-layout":"default","site-content-layout":"default","ast-main-header-display":"","ast-hfb-above-header-display":"","ast-hfb-below-header-display":"","ast-hfb-mobile-header-display":"","site-post-title":"","ast-breadcrumbs-content":"","ast-featured-img":"","footer-sml-layout":"","theme-transparent-header-meta":"default","adv-header-id-meta":"","stick-header-meta":"","header-above-stick-meta":"","header-main-stick-meta":"","header-below-stick-meta":"","footnotes":""},"class_list":["post-107","page","type-page","status-publish","hentry"],"aioseo_notices":[],"jetpack_sharing_enabled":true,"_links":{"self":[{"href":"https:\/\/forelasare.hratonce.com\/coaching\/wp-json\/wp\/v2\/pages\/107","targetHints":{"allow":["GET"]}}],"collection":[{"href":"https:\/\/forelasare.hratonce.com\/coaching\/wp-json\/wp\/v2\/pages"}],"about":[{"href":"https:\/\/forelasare.hratonce.com\/coaching\/wp-json\/wp\/v2\/types\/page"}],"author":[{"embeddable":true,"href":"https:\/\/forelasare.hratonce.com\/coaching\/wp-json\/wp\/v2\/users\/1"}],"replies":[{"embeddable":true,"href":"https:\/\/forelasare.hratonce.com\/coaching\/wp-json\/wp\/v2\/comments?post=107"}],"version-history":[{"count":12,"href":"https:\/\/forelasare.hratonce.com\/coaching\/wp-json\/wp\/v2\/pages\/107\/revisions"}],"predecessor-version":[{"id":29305,"href":"https:\/\/forelasare.hratonce.com\/coaching\/wp-json\/wp\/v2\/pages\/107\/revisions\/29305"}],"wp:attachment":[{"href":"https:\/\/forelasare.hratonce.com\/coaching\/wp-json\/wp\/v2\/media?parent=107"}],"curies":[{"name":"wp","href":"https:\/\/api.w.org\/{rel}","templated":true}]}}