{"id":159,"date":"2019-08-15T15:47:02","date_gmt":"2019-08-15T13:47:02","guid":{"rendered":"http:\/\/forelasare.hratonce.com\/?page_id=159"},"modified":"2023-08-29T14:06:52","modified_gmt":"2023-08-29T12:06:52","slug":"om-oss-2","status":"publish","type":"page","link":"https:\/\/forelasare.hratonce.com\/coaching\/om-oss-2\/","title":{"rendered":"Om oss"},"content":{"rendered":"\t\t<div data-elementor-type=\"wp-page\" data-elementor-id=\"159\" class=\"elementor elementor-159\">\n\t\t\t\t\t\t<section class=\"elementor-section elementor-top-section elementor-element elementor-element-358aae26 elementor-section-boxed elementor-section-height-default elementor-section-height-default\" data-id=\"358aae26\" data-element_type=\"section\" data-e-type=\"section\">\n\t\t\t\t\t\t<div class=\"elementor-container elementor-column-gap-default\">\n\t\t\t\t\t<div class=\"elementor-column elementor-col-100 elementor-top-column elementor-element elementor-element-4301b11\" data-id=\"4301b11\" data-element_type=\"column\" data-e-type=\"column\">\n\t\t\t<div class=\"elementor-widget-wrap elementor-element-populated\">\n\t\t\t\t\t\t<div class=\"elementor-element elementor-element-118054ef elementor-widget__width-initial elementor-widget elementor-widget-text-editor\" data-id=\"118054ef\" data-element_type=\"widget\" data-e-type=\"widget\" data-widget_type=\"text-editor.default\">\n\t\t\t\t<div class=\"elementor-widget-container\">\n\t\t\t\t\t\t\t\t\t<p><\/p>\n<p>\u00a0Kontakt: Kristina H\u00f6ghielm info@hratonce.com<\/p>\n<p><\/p>\n<p>V\u00e5rt syfte: Att serva de som hj\u00e4lper f\u00f6retag och organisationer som hj\u00e4lper andra med de b\u00e4sta f\u00f6rel\u00e4sarna, utbildarna och coacher samt techl\u00f6sning som hanterar talangerna<\/p>\n<p><\/p>\n<p>V\u00e5rt uppdrag \u00e4r att i samarbete med landets mest efterfr\u00e5gade experter \u00f6ka medarbetares kompetenser. Genom att erbjuda experterna f\u00f6rel\u00e4sar-och utbildningsplats ges m\u00f6jlighet att f\u00f6rel\u00e4sa, coacha, ge kurser live online. M\u00e5nga behov, s\u00e5som flexibilitet, h\u00e5llbarhet samt tids-och kostnadseffektivitet t\u00e4cks genom v\u00e5rt alternativ till den befintliga utbildnings- och kompetensutveckling i dagens arbetsliv. Via plattformen kan experter bjuda in sina kunder att delta i f\u00f6rel\u00e4sningar -och utbildningar live online via sina enheter. Metoden kr\u00e4ver ingen f\u00f6rflyttning f\u00f6r deltagande.<\/p>\n<p><\/p>\n<p><strong><a class=\"maxbutton-4 maxbutton maxbutton-forelasare\" href=\"https:\/\/hratonce.com\/talare\/\"><span class='mb-text'>Experterna<\/span><\/a><\/strong><\/p>\n<p><\/p>\n<p>B-people coaching community filial lanserade 2018 seminarieplattformen HRatOnce.com d\u00e4r f\u00f6retagens medarbetare erbjuds att lyssna p\u00e5 f\u00f6redragsh\u00e5llare och att utveckla sina f\u00e4rdigheter genom kurser och utbildningar .Experter och utbildare h\u00e5ller anf\u00f6randen och utbildar i HR relaterade \u00e4mnen 100 procent live<\/p>\n<p><\/p>\n<p><strong> V\u00e5rt syfte <\/strong><\/p>\n<p><\/p>\n<p>V\u00e5rt syfte \u00e4r att samla f\u00f6rel\u00e4sare, utbildare och coacher som tillsammans ska bidra till h\u00f6jda kompetensniv\u00e5er. V\u00e5ra experter ska via plattformen dela med sig av sina kunskaper som har till syfte att Sveriges medarbetare snabbt kan \u00f6ka sina kunskaper och h\u00f6ja f\u00f6retagets standard. Vi vill medverka och p\u00e5verka det vi kan f\u00f6r att r\u00e4dda v\u00e5r planet. Att hj\u00e4lpa f\u00f6retagen att bli mer konkurrenskraftiga.<\/p>\n<p><\/p>\n<p><strong>V\u00e5ra m\u00e5l<\/strong><\/p>\n<p><\/p>\n<p>-Att landets fr\u00e4msta experter ska presenteras professionellt och synas p\u00e5 v\u00e5r hemsida med sina erbjudanden<\/p>\n<p><\/p>\n<p>-Att skapa f\u00f6ruts\u00e4ttningar f\u00f6r experterna att p\u00e5 ett professionellt s\u00e4tt ubilda, f\u00f6rel\u00e4sa och coacha online live.<\/p>\n<p><\/p>\n<p>-Skapa verktygen som g\u00f6r det l\u00e4ttare f\u00f6r f\u00f6retagens medarbetare att f\u00e5 tillg\u00e5ng till kompetensutveckling<\/p>\n<p><\/p>\n<p>-Att uppmuntra f\u00f6retagen att b\u00f6rja kompetensutveckla live online och se oss som en resurs.<\/p>\n<p><\/p>\n<p>-Att assistera f\u00f6rel\u00e4sare och utbildare s\u00e5 deras erbjudanden till sina kunder f\u00e5r full uppm\u00e4rksamhet och att deras kunder v\u00e4ljer ett online live alternativ<\/p>\n<p><\/p>\n<p>-Att ge support till v\u00e5ra kunder, dvs experter, utbildare, coacher och f\u00f6rel\u00e4sare.<\/p>\n<p>-Vi rekommenderar techl\u00f6sningen emilee som \u00e4r mjukvaran som identifierar alla anst\u00e4lldas f\u00e4rdigheter och vad som fattas.<\/p>\n<p><a class=\"maxbutton-28 maxbutton maxbutton-emilee\" href=\"https:\/\/forelasare.hratonce.com\/courses\/hantera-kompetenser-med-hjalp-av-emilee\/\"><span class='mb-text'>Emilee<\/span><\/a><\/p>\n<p>\u00a0<\/p>\n<p><\/p>\n<p><\/p>\n<p><\/p>\n<p><\/p>\t\t\t\t\t\t\t\t<\/div>\n\t\t\t\t<\/div>\n\t\t\t\t\t<\/div>\n\t\t<\/div>\n\t\t\t\t\t<\/div>\n\t\t<\/section>\n\t\t\t\t<section class=\"elementor-section elementor-top-section elementor-element elementor-element-5854862 elementor-section-boxed elementor-section-height-default elementor-section-height-default\" data-id=\"5854862\" data-element_type=\"section\" data-e-type=\"section\">\n\t\t\t\t\t\t<div class=\"elementor-container elementor-column-gap-default\">\n\t\t\t\t\t<div class=\"elementor-column elementor-col-100 elementor-top-column elementor-element elementor-element-bdb6adc\" data-id=\"bdb6adc\" data-element_type=\"column\" data-e-type=\"column\">\n\t\t\t<div class=\"elementor-widget-wrap elementor-element-populated\">\n\t\t\t\t\t\t<div class=\"elementor-element elementor-element-333e623 elementor-widget elementor-widget-image\" data-id=\"333e623\" data-element_type=\"widget\" data-e-type=\"widget\" data-widget_type=\"image.default\">\n\t\t\t\t<div class=\"elementor-widget-container\">\n\t\t\t\t\t\t\t\t\t\t\t\t\t\t\t<img fetchpriority=\"high\" decoding=\"async\" width=\"840\" height=\"1024\" src=\"https:\/\/forelasare.hratonce.com\/wp-content\/uploads\/2021\/10\/idea-inspiration-invent-2135480-840x1024.png\" class=\"attachment-large size-large wp-image-28476\" alt=\"idea, inspiration, invent-2135480.jpg\" srcset=\"https:\/\/forelasare.hratonce.com\/wp-content\/uploads\/2021\/10\/idea-inspiration-invent-2135480-840x1024.png 840w, https:\/\/forelasare.hratonce.com\/wp-content\/uploads\/2021\/10\/idea-inspiration-invent-2135480-246x300.png 246w, https:\/\/forelasare.hratonce.com\/wp-content\/uploads\/2021\/10\/idea-inspiration-invent-2135480-768x936.png 768w, https:\/\/forelasare.hratonce.com\/wp-content\/uploads\/2021\/10\/idea-inspiration-invent-2135480-600x731.png 600w, https:\/\/forelasare.hratonce.com\/wp-content\/uploads\/2021\/10\/idea-inspiration-invent-2135480.png 1050w\" sizes=\"(max-width: 840px) 100vw, 840px\" \/>\t\t\t\t\t\t\t\t\t\t\t\t\t\t\t<\/div>\n\t\t\t\t<\/div>\n\t\t\t\t\t<\/div>\n\t\t<\/div>\n\t\t\t\t\t<\/div>\n\t\t<\/section>\n\t\t\t\t<section class=\"elementor-section elementor-top-section elementor-element elementor-element-256a616 elementor-section-boxed elementor-section-height-default elementor-section-height-default\" data-id=\"256a616\" data-element_type=\"section\" data-e-type=\"section\">\n\t\t\t\t\t\t<div class=\"elementor-container elementor-column-gap-default\">\n\t\t\t\t\t<div class=\"elementor-column elementor-col-100 elementor-top-column elementor-element elementor-element-9769e2e\" data-id=\"9769e2e\" data-element_type=\"column\" data-e-type=\"column\">\n\t\t\t<div class=\"elementor-widget-wrap elementor-element-populated\">\n\t\t\t\t\t\t\t<\/div>\n\t\t<\/div>\n\t\t\t\t\t<\/div>\n\t\t<\/section>\n\t\t\t\t<\/div>\n\t\t","protected":false},"excerpt":{"rendered":"<p>\u00a0Kontakt: Kristina H\u00f6ghielm info@hratonce.com V\u00e5rt syfte: Att serva de som hj\u00e4lper f\u00f6retag och organisationer som hj\u00e4lper andra med de b\u00e4sta f\u00f6rel\u00e4sarna, utbildarna och coacher samt techl\u00f6sning som hanterar talangerna V\u00e5rt uppdrag \u00e4r att i samarbete med landets mest efterfr\u00e5gade experter \u00f6ka medarbetares kompetenser. Genom att erbjuda experterna f\u00f6rel\u00e4sar-och utbildningsplats ges m\u00f6jlighet att f\u00f6rel\u00e4sa, coacha, ge &hellip;<\/p>\n<p class=\"read-more\"> <a class=\"\" href=\"https:\/\/forelasare.hratonce.com\/coaching\/om-oss-2\/\"> <span class=\"screen-reader-text\">Om oss<\/span> L\u00e4s mer &raquo;<\/a><\/p>\n","protected":false},"author":1,"featured_media":0,"parent":0,"menu_order":0,"comment_status":"closed","ping_status":"closed","template":"","meta":{"om_disable_all_campaigns":false,"_exactmetrics_skip_tracking":false,"_exactmetrics_sitenote_active":false,"_exactmetrics_sitenote_note":"","_exactmetrics_sitenote_category":0,"_monsterinsights_skip_tracking":false,"_monsterinsights_sitenote_active":false,"_monsterinsights_sitenote_note":"","_monsterinsights_sitenote_category":0,"site-sidebar-layout":"","site-content-layout":"","ast-main-header-display":"","ast-hfb-above-header-display":"","ast-hfb-below-header-display":"","ast-hfb-mobile-header-display":"","site-post-title":"","ast-breadcrumbs-content":"","ast-featured-img":"","footer-sml-layout":"","theme-transparent-header-meta":"","adv-header-id-meta":"","stick-header-meta":"","header-above-stick-meta":"","header-main-stick-meta":"","header-below-stick-meta":"","footnotes":""},"class_list":["post-159","page","type-page","status-publish","hentry"],"aioseo_notices":[],"jetpack_sharing_enabled":true,"_links":{"self":[{"href":"https:\/\/forelasare.hratonce.com\/coaching\/wp-json\/wp\/v2\/pages\/159","targetHints":{"allow":["GET"]}}],"collection":[{"href":"https:\/\/forelasare.hratonce.com\/coaching\/wp-json\/wp\/v2\/pages"}],"about":[{"href":"https:\/\/forelasare.hratonce.com\/coaching\/wp-json\/wp\/v2\/types\/page"}],"author":[{"embeddable":true,"href":"https:\/\/forelasare.hratonce.com\/coaching\/wp-json\/wp\/v2\/users\/1"}],"replies":[{"embeddable":true,"href":"https:\/\/forelasare.hratonce.com\/coaching\/wp-json\/wp\/v2\/comments?post=159"}],"version-history":[{"count":81,"href":"https:\/\/forelasare.hratonce.com\/coaching\/wp-json\/wp\/v2\/pages\/159\/revisions"}],"predecessor-version":[{"id":29106,"href":"https:\/\/forelasare.hratonce.com\/coaching\/wp-json\/wp\/v2\/pages\/159\/revisions\/29106"}],"wp:attachment":[{"href":"https:\/\/forelasare.hratonce.com\/coaching\/wp-json\/wp\/v2\/media?parent=159"}],"curies":[{"name":"wp","href":"https:\/\/api.w.org\/{rel}","templated":true}]}}