{"id":29093,"date":"2023-08-29T13:42:30","date_gmt":"2023-08-29T11:42:30","guid":{"rendered":"https:\/\/forelasare.hratonce.com\/courses\/?page_id=29093"},"modified":"2023-08-30T10:16:56","modified_gmt":"2023-08-30T08:16:56","slug":"hantera-kompetenser-med-hjalp-av-emilee","status":"publish","type":"page","link":"https:\/\/forelasare.hratonce.com\/coaching\/hantera-kompetenser-med-hjalp-av-emilee\/","title":{"rendered":"Hantera kompetenser med hj\u00e4lp av emilee techl\u00f6sning."},"content":{"rendered":"\n<p>Hur kan Emilee techl\u00f6sning hj\u00e4lpa dig att <strong>identifiera kompetensluckor<\/strong> i ditt team? Kompetensluckor \u00e4r skillnaden mellan de f\u00e4rdigheter som ditt team beh\u00f6ver f\u00f6r att prestera effektivt och de f\u00e4rdigheter de f\u00f6r n\u00e4rvarande har. Att identifiera och t\u00e4ppa till kompetensluckor \u00e4r avg\u00f6rande f\u00f6r att f\u00f6rb\u00e4ttra produktivitet, kvalitet, innovation och beh\u00e5lla i din organisation. Men hur kan du bed\u00f6ma ditt teams kompetens exakt och effektivt? V\u00e5r techl\u00f6sning Emilee kan hj\u00e4lpa dig med denna utmaning. H\u00e4r \u00e4r n\u00e5gra s\u00e4tt att g\u00f6ra:\u00a0<br>\u00a0<\/p>\n\n\n\n<p><strong>Definiera f\u00e4rdighetsprofile<\/strong>r&nbsp;<br>Emilee techl\u00f6sning l\u00e5ter dig skapa kompetensprofiler f\u00f6r olika roller, projekt och m\u00e5l i din organisation. Dessa profiler definierar de kompetenser, beteenden och kunskaper som kr\u00e4vs f\u00f6r varje position. Du kan anpassa dem efter din bransch, kultur och strategi. Genom att ha tydliga och konsekventa kompetensprofiler kan du anpassa din talangstrategi till dina aff\u00e4rsm\u00e5l och f\u00f6rv\u00e4ntningar.&nbsp;<br>&nbsp;<\/p>\n\n\n\n<p><strong>M\u00e4t<\/strong> <strong>f\u00e4rdighetsniv\u00e5er<\/strong>&nbsp;<br>Emilee techl\u00f6sning g\u00f6r det m\u00f6jligt f\u00f6r dig att m\u00e4ta kompetensniv\u00e5n hos dina teammedlemmar genom olika metoder, s\u00e5som sj\u00e4lvbed\u00f6mningar, peer reviews, chefsfeedback, tester, simuleringar och prestationsdata. Du kan anv\u00e4nda dessa metoder f\u00f6r att utv\u00e4rdera ditt teams nuvarande och potentiella kapacitet, s\u00e5v\u00e4l som deras styrkor och svagheter. Du kan ocks\u00e5 f\u00f6lja deras kompetensutveckling \u00f6ver tid och j\u00e4mf\u00f6ra dem med f\u00e4rdighetsprofilerna.&nbsp;<br>&nbsp;<\/p>\n\n\n\n<p><strong>Identifiera kompetensluckor<\/strong>&nbsp;<br>Emilee techl\u00f6sning hj\u00e4lper dig att identifiera kompetensluckor genom att analysera data som samlas in fr\u00e5n f\u00e4rdighetsm\u00e4tningsmetoderna. Du kan se klyftorna mellan nuvarande och \u00f6nskade f\u00e4rdighetsniv\u00e5er f\u00f6r ditt team, s\u00e5v\u00e4l som klyftorna mellan olika teammedlemmars kompetens. Du kan ocks\u00e5 identifiera de kompetensbrister som \u00e4r mest kritiska f\u00f6r din organisation, till exempel de som p\u00e5verkar kundn\u00f6jdhet, int\u00e4ktstillv\u00e4xt eller konkurrensf\u00f6rdelar.&nbsp;<br>&nbsp;<\/p>\n\n\n\n<p><strong>\u00c5tg\u00e4rda kompetensbrister<\/strong>&nbsp;<br>Emilee hj\u00e4lper dig att \u00e5tg\u00e4rda kompetensbrister genom att f\u00f6rse dig med rekommendationer och resurser f\u00f6r kompetensutveckling. Du kan anv\u00e4nda Emilee f\u00f6r att skapa personliga inl\u00e4rningsplaner f\u00f6r dina teammedlemmar, baserat p\u00e5 deras kompetensluckor, m\u00e5l och preferenser.  Du kan \u00f6vervaka deras framsteg och inverkan p\u00e5 deras prestation och engagemang.&nbsp;<br>&nbsp;<\/p>\n\n\n\n<p><strong>Granska och justera<\/strong>&nbsp;<br>Emilee  l\u00e5ter dig granska och justera din kompetensstrategi regelbundet, baserat p\u00e5 de f\u00f6r\u00e4ndrade behoven och kraven fr\u00e5n din organisation och marknad. Du kan anv\u00e4nda programvaran f\u00f6r att uppdatera dina f\u00e4rdighetsprofiler, m\u00e4ta ditt teams f\u00e4rdighetsniv\u00e5er, identifiera nya kompetensluckor och \u00e5tg\u00e4rda dem d\u00e4refter. Du kan ocks\u00e5 anv\u00e4nda programvaran f\u00f6r att utv\u00e4rdera effektiviteten av dina kompetensutvecklingsinitiativ och identifiera f\u00f6rb\u00e4ttringsomr\u00e5den.&nbsp;<\/p>\n\n\n\n<p>Som anst\u00e4lld kan du genom att anv\u00e4nda Emilee&nbsp;<\/p>\n\n\n\n<ul class=\"wp-block-list\">\n<li>Uppdatera dina f\u00e4rdighetsprofiler&nbsp;<\/li>\n\n\n\n<li>M\u00e4ta ditt teams f\u00e4rdighetsniv\u00e5er&nbsp;<\/li>\n\n\n\n<li>Identifiera nya kompetensluckor&nbsp;<\/li>\n\n\n\n<li>Utv\u00e4rdera effektiviteten av kompetensutvecklingsinitiativ&nbsp;<\/li>\n\n\n\n<li>Identifiera f\u00f6rb\u00e4ttringsomr\u00e5den&nbsp;<\/li>\n\n\n\n<li>Genom att samtliga anst\u00e4llda fyller I och uppdaterar sina f\u00e4rdigheter sj\u00e4lva s\u00e5 finns alla data I realtid.&nbsp;<\/li>\n\n\n\n<li>-5000 kompetenser ligger inlagda I systemet och m\u00e4ter alla kompetenser och f\u00e4rdighetsniv\u00e5er.&nbsp;<\/li>\n\n\n\n<li>-m\u00e4tningar g\u00f6rs p\u00e5 alla plan och identifierar d\u00e4rf\u00f6r kompetensluckorna I teamet.&nbsp;<\/li>\n\n\n\n<li>-l\u00e4tt att utf\u00e4rda en kompetensutvecklingsplan eftersom systemet kan utv\u00e4rdera f\u00f6rb\u00e4ttringsomr\u00e5den och effektiviteten av kompetensutvecklinsinitiativ&nbsp;<\/li>\n<\/ul>\n","protected":false},"excerpt":{"rendered":"<p>Hur kan Emilee techl\u00f6sning hj\u00e4lpa dig att identifiera kompetensluckor i ditt team? Kompetensluckor \u00e4r skillnaden mellan de f\u00e4rdigheter som ditt team beh\u00f6ver f\u00f6r att prestera effektivt och de f\u00e4rdigheter de f\u00f6r n\u00e4rvarande har. Att identifiera och t\u00e4ppa till kompetensluckor \u00e4r avg\u00f6rande f\u00f6r att f\u00f6rb\u00e4ttra produktivitet, kvalitet, innovation och beh\u00e5lla i din organisation. Men hur kan &hellip;<\/p>\n<p class=\"read-more\"> <a class=\"\" href=\"https:\/\/forelasare.hratonce.com\/coaching\/hantera-kompetenser-med-hjalp-av-emilee\/\"> <span class=\"screen-reader-text\">Hantera kompetenser med hj\u00e4lp av emilee techl\u00f6sning.<\/span> L\u00e4s mer &raquo;<\/a><\/p>\n","protected":false},"author":1,"featured_media":0,"parent":0,"menu_order":0,"comment_status":"closed","ping_status":"closed","template":"","meta":{"om_disable_all_campaigns":false,"_exactmetrics_skip_tracking":false,"_exactmetrics_sitenote_active":false,"_exactmetrics_sitenote_note":"","_exactmetrics_sitenote_category":0,"_monsterinsights_skip_tracking":false,"_monsterinsights_sitenote_active":false,"_monsterinsights_sitenote_note":"","_monsterinsights_sitenote_category":0,"site-sidebar-layout":"","site-content-layout":"","ast-main-header-display":"","ast-hfb-above-header-display":"","ast-hfb-below-header-display":"","ast-hfb-mobile-header-display":"","site-post-title":"","ast-breadcrumbs-content":"","ast-featured-img":"","footer-sml-layout":"","theme-transparent-header-meta":"","adv-header-id-meta":"","stick-header-meta":"","header-above-stick-meta":"","header-main-stick-meta":"","header-below-stick-meta":"","footnotes":""},"class_list":["post-29093","page","type-page","status-publish","hentry"],"aioseo_notices":[],"jetpack_sharing_enabled":true,"_links":{"self":[{"href":"https:\/\/forelasare.hratonce.com\/coaching\/wp-json\/wp\/v2\/pages\/29093","targetHints":{"allow":["GET"]}}],"collection":[{"href":"https:\/\/forelasare.hratonce.com\/coaching\/wp-json\/wp\/v2\/pages"}],"about":[{"href":"https:\/\/forelasare.hratonce.com\/coaching\/wp-json\/wp\/v2\/types\/page"}],"author":[{"embeddable":true,"href":"https:\/\/forelasare.hratonce.com\/coaching\/wp-json\/wp\/v2\/users\/1"}],"replies":[{"embeddable":true,"href":"https:\/\/forelasare.hratonce.com\/coaching\/wp-json\/wp\/v2\/comments?post=29093"}],"version-history":[{"count":3,"href":"https:\/\/forelasare.hratonce.com\/coaching\/wp-json\/wp\/v2\/pages\/29093\/revisions"}],"predecessor-version":[{"id":29107,"href":"https:\/\/forelasare.hratonce.com\/coaching\/wp-json\/wp\/v2\/pages\/29093\/revisions\/29107"}],"wp:attachment":[{"href":"https:\/\/forelasare.hratonce.com\/coaching\/wp-json\/wp\/v2\/media?parent=29093"}],"curies":[{"name":"wp","href":"https:\/\/api.w.org\/{rel}","templated":true}]}}