{"id":27430,"date":"2020-04-02T17:01:44","date_gmt":"2020-04-02T15:01:44","guid":{"rendered":"https:\/\/forelasare.hratonce.com\/courses\/?post_type=product&#038;p=27430"},"modified":"2021-07-22T11:52:24","modified_gmt":"2021-07-22T09:52:24","slug":"forelasning-effektiv-sammansattning-av-team","status":"publish","type":"product","link":"https:\/\/forelasare.hratonce.com\/coaching\/produkt\/courses\/forelasning-effektiv-sammansattning-av-team\/","title":{"rendered":"F\u00f6rel\u00e4sning Effektiv sammans\u00e4ttning av team med organisationsdesigner Karin Berggren"},"content":{"rendered":"","protected":false},"excerpt":{"rendered":"<p>Att en organsiation kan effektivt sammans\u00e4tta team ger f\u00f6retaget m\u00f6jlighet att &#8220;l\u00e5na&#8221; kompetenser fr\u00e5n andra avdelningar n\u00e4r till exempel ett projekt ska planeras och iscens\u00e4ttas. F\u00f6lj Organisationsdesigner Karin Berggren i hennes ytterst intressanta f\u00f6rel\u00e4sning.<\/p>\n","protected":false},"featured_media":24676,"template":"","meta":{"om_disable_all_campaigns":false,"_exactmetrics_skip_tracking":false,"_exactmetrics_sitenote_active":false,"_exactmetrics_sitenote_note":"","_exactmetrics_sitenote_category":0,"_monsterinsights_skip_tracking":false,"_monsterinsights_sitenote_active":false,"_monsterinsights_sitenote_note":"","_monsterinsights_sitenote_category":0,"site-sidebar-layout":"default","site-content-layout":"default","ast-main-header-display":"","ast-hfb-above-header-display":"","ast-hfb-below-header-display":"","ast-hfb-mobile-header-display":"","site-post-title":"","ast-breadcrumbs-content":"","ast-featured-img":"","footer-sml-layout":"","theme-transparent-header-meta":"default","adv-header-id-meta":"","stick-header-meta":"","header-above-stick-meta":"","header-main-stick-meta":"","header-below-stick-meta":""},"product_brand":[],"product_cat":[93,92,86],"product_tag":[],"class_list":{"0":"post-27430","1":"product","2":"type-product","3":"status-publish","4":"has-post-thumbnail","6":"product_cat-ledarskap","7":"product_cat-organisationsutveckling","8":"product_cat-workshop","10":"first","11":"instock","12":"downloadable","13":"virtual","14":"sold-individually","15":"taxable","16":"purchasable","17":"product-type-simple"},"aioseo_notices":[],"jetpack_sharing_enabled":true,"_links":{"self":[{"href":"https:\/\/forelasare.hratonce.com\/coaching\/wp-json\/wp\/v2\/product\/27430","targetHints":{"allow":["GET"]}}],"collection":[{"href":"https:\/\/forelasare.hratonce.com\/coaching\/wp-json\/wp\/v2\/product"}],"about":[{"href":"https:\/\/forelasare.hratonce.com\/coaching\/wp-json\/wp\/v2\/types\/product"}],"version-history":[{"count":1,"href":"https:\/\/forelasare.hratonce.com\/coaching\/wp-json\/wp\/v2\/product\/27430\/revisions"}],"predecessor-version":[{"id":27643,"href":"https:\/\/forelasare.hratonce.com\/coaching\/wp-json\/wp\/v2\/product\/27430\/revisions\/27643"}],"wp:featuredmedia":[{"embeddable":true,"href":"https:\/\/forelasare.hratonce.com\/coaching\/wp-json\/wp\/v2\/media\/24676"}],"wp:attachment":[{"href":"https:\/\/forelasare.hratonce.com\/coaching\/wp-json\/wp\/v2\/media?parent=27430"}],"wp:term":[{"taxonomy":"product_brand","embeddable":true,"href":"https:\/\/forelasare.hratonce.com\/coaching\/wp-json\/wp\/v2\/product_brand?post=27430"},{"taxonomy":"product_cat","embeddable":true,"href":"https:\/\/forelasare.hratonce.com\/coaching\/wp-json\/wp\/v2\/product_cat?post=27430"},{"taxonomy":"product_tag","embeddable":true,"href":"https:\/\/forelasare.hratonce.com\/coaching\/wp-json\/wp\/v2\/product_tag?post=27430"}],"curies":[{"name":"wp","href":"https:\/\/api.w.org\/{rel}","templated":true}]}}