{"id":27749,"date":"2020-10-09T09:46:56","date_gmt":"2020-10-09T07:46:56","guid":{"rendered":"https:\/\/forelasare.hratonce.com\/courses\/?post_type=product&#038;p=27749"},"modified":"2024-06-28T14:14:22","modified_gmt":"2024-06-28T12:14:22","slug":"livskarriarplanering","status":"publish","type":"product","link":"https:\/\/forelasare.hratonce.com\/coaching\/produkt\/courses\/livskarriarplanering\/","title":{"rendered":"Ta kommandot \u00f6ver ditt liv- videokurs f\u00f6r\u00e4ndringshantering"},"content":{"rendered":"<p>S\u00e5 s\u00e4ger v\u00e5ra n\u00f6jda kunder:<\/p>\n<p>&#8220;Jag hade inte klart f\u00f6r mig innan jag gjorde PSP programmet hur mycket jag egentligen bidrog till mitt f\u00f6retag. Jag uppt\u00e4ckte mitt st\u00f6rsta bidrag och \u00e4ven min\u00a0 styrka som var att jag under ett \u00e5r skapat f\u00f6ruts\u00e4ttningar s\u00e5 att vinsten in bolaget f\u00f6rdubblades under ett \u00e5r. Utg\u00e5ngsl\u00e4get f\u00f6r mig blev helt annorlunda. Nu kunde jag s\u00f6ka nytt toppjobb&#8221; Yvonne VD<\/p>\n<p>&#8220;Efter att jag gjort min livskarri\u00e4rplanering har jag f\u00e5tt tid \u00f6ver att umg\u00e5s mer med min familj eftersom jag f\u00e5tt fram vad som \u00e4r viktigast f\u00f6r mig. Jag vet precis hur jag ska g\u00e5 tillv\u00e4ga och det har skapat en betydligt lugnare tillvaro f\u00f6r mig och familjen. M\u00e5nga orosmoment \u00e4r nu borta&#8221; Mirjam<br \/>\n&#8220;Jag har uppt\u00e4ckt vad som hindrar mig att g\u00e5 vidare med vad jag egentligen vill i mitt liv. Tidseffektiviteten jobbade jag extra mycket med och kunde frig\u00f6ra 3 timmar per dag. Jag uppt\u00e4ckte ocks\u00e5 att jag fick \u00f6kat sj\u00e4lvf\u00f6rtroende och kunde se mina trosuppfattningar som hindrade mig , speciellt om mig sj\u00e4lv. D\u00e4rmed fick jag bort de flesta av hindren. Jag blev befordrad inom 3 m\u00e5nader. Deborah, global HR Director<\/p>\n<p>&#8220;Min dr\u00f6m var n\u00e4r jag b\u00f6rjade g\u00f6ra kursen i Livskarri\u00e4rplanering att jag om n\u00e5gra \u00e5r skulle ha en ny post i n\u00e4ringslivet. Det erbjudandet kom redan n\u00e4r jag som b\u00e4st gjorde kursen. Att g\u00f6ra kursen triggar ig\u00e5ng allt jag ville g\u00f6ra p\u00e5 ett h\u00e4pnadsv\u00e4ckande s\u00e4tt. Mycket kom fram om hur jag skulle st\u00e4nga gapet mellan d\u00e4r jag befann mig och d\u00e4r jag ville vara medans jag gjorde kursen och det blev ett genombrott f\u00f6r mig&#8221; Camilla, produktchef<\/p>\n<p>&#8220;F\u00f6rst t\u00e4nkte jag n\u00e4r jag fick PSP programmet i min hand att det skulle vara jobbigt att g\u00f6ra. Jag best\u00e4mde mig f\u00f6r att bara helt enkelt g\u00f6ra varje uppgift. Efter en total villr\u00e5dighet och blandade k\u00e4nslor att g\u00e5 tillbaka till jobbet efter min mammaledighet fick jag en klar bild \u00f6ver vad jag ville och hur jag steg f\u00f6r steg skulle g\u00e5 till v\u00e4ga f\u00f6r att uppn\u00e5 mina m\u00e5l.&#8221; Management konsult Meryll Lynch<\/p>\n<p>&nbsp;<\/p>\n<p>Priset som angivits \u00e4r inklusive moms.\u00a0 Du har tillg\u00e5ng till programmet under 30 dagar. Videokursen till\u00e5ter att stoppa n\u00e4r som helst samt att det g\u00e5r att g\u00e5 obehindrat mellan kapitlen.<\/p>\n","protected":false},"excerpt":{"rendered":"<p>DITT NUL\u00c4GE +DIN VISION + DITT SLUTM\u00e5l\u00a0 FORMAR DEN SMARTASTE V\u00c4GEN ATT TA.<\/p>\n<p>Denna videokurs handlar om att hitta urkraften inom dig staka ut v\u00e4gen och f\u00e5 som du vill ha det.<\/p>\n<p>Take your power back<\/p>\n<p>&#8220;Syftet med ett m\u00e5l \u00e4r inte att n\u00e5 det. Syftet \u00e4r den du blir i jakten efter det&#8221; Tony Robbins.Videokurs i Ta kommandot \u00f6ver ditt liv. Hur du skapar f\u00f6r\u00e4ndring f\u00f6r att n\u00e5 dina m\u00e5l.<\/p>\n<p>&nbsp;<\/p>\n<p>&nbsp;<\/p>\n<p>&#8220;Jag har gett mina coaching klienter\u00a0 PSP programmet som ett verktyg att skapa f\u00f6r\u00e4ndring och det har resulterat i snabba f\u00f6r\u00e4ndringar f\u00f6r mina kunder, som b\u00e5de kommit i privat och i proffessionellt syfte&#8221; <em>Kristina H\u00f6ghielm , coach och f\u00f6rfattare till PSP programmet<\/em><\/p>\n<p>DITT NUL\u00c4GE +DIN VISION + DITT SLUTM\u00e5l\u00a0 FORMAR DEN SMARTASTE V\u00c4GEN ATT TA.<\/p>\n<p>Bli f\u00f6rv\u00e5nad n\u00e4r du uppt\u00e4cker din storhet och intelligens!<\/p>\n<p>Kristina H\u00f6ghielm leder kursen.<\/p>\n<p>HratOnce grundare och SI coach fr\u00e5n Tony Robbins coaching training center California, Kristina H\u00f6ghielm, f\u00f6rfattade PSP programmet f\u00f6r att ge hennes klienter en m\u00f6jlighet att stressa av. Att skapa s\u00e4kerhet ger mindre stress. G\u00e5ng p\u00e5 g\u00e5ng visade det sig att klienterna prisade PSP programmet som det som gav dem den st\u00f6rsta beh\u00e5llningen. Kristina leder dig igenom PSP programmet i en video som du l\u00e4tt stoppar och kan v\u00e4xla mellan de olika stegen.<\/p>\n<p>P\u00e5 betalningsbekr\u00e4ftelsen finns l\u00e4nken d\u00e4r kan du ladda hem programmet direkt till din dator.<\/p>\n<p>Priset som angivits \u00e4r inklusive moms. D\u00e5 du bokar f\u00e5r du en faktura. Vill du ha momsspecifikation e-post:info@hratonce.com V\u00e4lkommen.<\/p>\n<p><em>Om Kristina H\u00f6ghielm<\/em><\/p>\n<p>Grundare av bpeople coaching community 2004. Hon har under m\u00e5nga \u00e5r gett coaching efter att ha utbildats av Tony Robbins i Californien RMT. Kristina har coachat hundratals personer med olika syften. Dock visade det sig att vad problemet \u00e4n har g\u00e4llt, har PSP programmet d\u00e4r coachingklienterna har som uppgift att g\u00f6ra \u00f6vningar mellan varje coachingtillf\u00e4lle, blivit det b\u00e4sta verktyget att ta till i omst\u00e4llning och f\u00f6r\u00e4ndring. Uppt\u00e4ckten av sig sj\u00e4lva, styrkorna och f\u00e4rdigheterna har bidragit till ett stort uppvaknande n\u00e4mligen hur mycket vi m\u00e4nniskor klarar av och att r\u00e4dslorna f\u00f6r att misslyckas helt f\u00f6rsvunnit.<\/p>\n<p>&nbsp;<\/p>\n","protected":false},"featured_media":27563,"template":"","meta":{"om_disable_all_campaigns":false,"_exactmetrics_skip_tracking":false,"_exactmetrics_sitenote_active":false,"_exactmetrics_sitenote_note":"","_exactmetrics_sitenote_category":0,"_monsterinsights_skip_tracking":false,"_monsterinsights_sitenote_active":false,"_monsterinsights_sitenote_note":"","_monsterinsights_sitenote_category":0,"site-sidebar-layout":"default","site-content-layout":"default","ast-main-header-display":"","ast-hfb-above-header-display":"","ast-hfb-below-header-display":"","ast-hfb-mobile-header-display":"","site-post-title":"","ast-breadcrumbs-content":"","ast-featured-img":"","footer-sml-layout":"","theme-transparent-header-meta":"default","adv-header-id-meta":"","stick-header-meta":"","header-above-stick-meta":"","header-main-stick-meta":"","header-below-stick-meta":""},"product_brand":[],"product_cat":[15,95],"product_tag":[],"class_list":{"0":"post-27749","1":"product","2":"type-product","3":"status-publish","4":"has-post-thumbnail","6":"product_cat-okategoriserad","7":"product_cat-masterclass","9":"first","10":"instock","11":"downloadable","12":"virtual","13":"sold-individually","14":"purchasable","15":"product-type-simple"},"aioseo_notices":[],"jetpack_sharing_enabled":true,"_links":{"self":[{"href":"https:\/\/forelasare.hratonce.com\/coaching\/wp-json\/wp\/v2\/product\/27749","targetHints":{"allow":["GET"]}}],"collection":[{"href":"https:\/\/forelasare.hratonce.com\/coaching\/wp-json\/wp\/v2\/product"}],"about":[{"href":"https:\/\/forelasare.hratonce.com\/coaching\/wp-json\/wp\/v2\/types\/product"}],"version-history":[{"count":8,"href":"https:\/\/forelasare.hratonce.com\/coaching\/wp-json\/wp\/v2\/product\/27749\/revisions"}],"predecessor-version":[{"id":29169,"href":"https:\/\/forelasare.hratonce.com\/coaching\/wp-json\/wp\/v2\/product\/27749\/revisions\/29169"}],"wp:featuredmedia":[{"embeddable":true,"href":"https:\/\/forelasare.hratonce.com\/coaching\/wp-json\/wp\/v2\/media\/27563"}],"wp:attachment":[{"href":"https:\/\/forelasare.hratonce.com\/coaching\/wp-json\/wp\/v2\/media?parent=27749"}],"wp:term":[{"taxonomy":"product_brand","embeddable":true,"href":"https:\/\/forelasare.hratonce.com\/coaching\/wp-json\/wp\/v2\/product_brand?post=27749"},{"taxonomy":"product_cat","embeddable":true,"href":"https:\/\/forelasare.hratonce.com\/coaching\/wp-json\/wp\/v2\/product_cat?post=27749"},{"taxonomy":"product_tag","embeddable":true,"href":"https:\/\/forelasare.hratonce.com\/coaching\/wp-json\/wp\/v2\/product_tag?post=27749"}],"curies":[{"name":"wp","href":"https:\/\/api.w.org\/{rel}","templated":true}]}}