{"id":28162,"date":"2021-05-11T08:44:28","date_gmt":"2021-05-11T06:44:28","guid":{"rendered":"https:\/\/forelasare.hratonce.com\/courses\/?post_type=product&#038;p=28162"},"modified":"2022-10-07T09:48:54","modified_gmt":"2022-10-07T07:48:54","slug":"masterclass-sa-skapar-du-ett-varumarke-som-leder-till-okad-forsaljning","status":"publish","type":"product","link":"https:\/\/forelasare.hratonce.com\/coaching\/produkt\/courses\/masterclass-sa-skapar-du-ett-varumarke-som-leder-till-okad-forsaljning\/","title":{"rendered":"Masterclass. Videokurs.S\u00e5 skapar du ett varum\u00e4rke som leder till \u00f6kad f\u00f6rs\u00e4ljning."},"content":{"rendered":"<p>&nbsp;<\/p>\n<p>&nbsp;<\/p>\n","protected":false},"excerpt":{"rendered":"<p>V\u00e4lkommen till Masterclass i hur du skapar ett varum\u00e4rke. Ett erk\u00e4nt varum\u00e4rke ger f\u00f6ruts\u00e4ttningarna till \u00f6kad f\u00f6rs\u00e4ljning.<\/p>\n<p>Det \u00e4r inte s\u00e5 sv\u00e5rt att se om sitt varum\u00e4rke. Det \u00e4r viktigt att veta stegen b\u00e5de f\u00f6r att skapa ett nytt varum\u00e4rke och att v\u00e4ssa redan befintligt varum\u00e4rke.<\/p>\n<p>Inneh\u00e5ll masterclass<\/p>\n<ul>\n<li>Att f\u00f6rst\u00e5 inneb\u00f6rden av ett varum\u00e4rke<\/li>\n<li>Varf\u00f6r varum\u00e4rket \u00e4r s\u00e5 viktigt<\/li>\n<li>Hur du ska f\u00f6rb\u00e4ttra varum\u00e4rket och n\u00e5 ut till nya kunder<\/li>\n<li>Inneh\u00e5llet . Vad varum\u00e4rket ska illustrera.<\/li>\n<\/ul>\n","protected":false},"featured_media":28122,"template":"","meta":{"om_disable_all_campaigns":false,"_exactmetrics_skip_tracking":false,"_exactmetrics_sitenote_active":false,"_exactmetrics_sitenote_note":"","_exactmetrics_sitenote_category":0,"_monsterinsights_skip_tracking":false,"_monsterinsights_sitenote_active":false,"_monsterinsights_sitenote_note":"","_monsterinsights_sitenote_category":0,"site-sidebar-layout":"default","site-content-layout":"default","ast-main-header-display":"","ast-hfb-above-header-display":"","ast-hfb-below-header-display":"","ast-hfb-mobile-header-display":"","site-post-title":"","ast-breadcrumbs-content":"","ast-featured-img":"","footer-sml-layout":"","theme-transparent-header-meta":"default","adv-header-id-meta":"","stick-header-meta":"","header-above-stick-meta":"","header-main-stick-meta":"","header-below-stick-meta":""},"product_brand":[],"product_cat":[95],"product_tag":[98],"class_list":{"0":"post-28162","1":"product","2":"type-product","3":"status-publish","4":"has-post-thumbnail","6":"product_cat-masterclass","7":"product_tag-varumarke","9":"first","10":"instock","11":"downloadable","12":"virtual","13":"sold-individually","14":"purchasable","15":"product-type-simple"},"aioseo_notices":[],"jetpack_sharing_enabled":true,"_links":{"self":[{"href":"https:\/\/forelasare.hratonce.com\/coaching\/wp-json\/wp\/v2\/product\/28162","targetHints":{"allow":["GET"]}}],"collection":[{"href":"https:\/\/forelasare.hratonce.com\/coaching\/wp-json\/wp\/v2\/product"}],"about":[{"href":"https:\/\/forelasare.hratonce.com\/coaching\/wp-json\/wp\/v2\/types\/product"}],"version-history":[{"count":2,"href":"https:\/\/forelasare.hratonce.com\/coaching\/wp-json\/wp\/v2\/product\/28162\/revisions"}],"predecessor-version":[{"id":28528,"href":"https:\/\/forelasare.hratonce.com\/coaching\/wp-json\/wp\/v2\/product\/28162\/revisions\/28528"}],"wp:featuredmedia":[{"embeddable":true,"href":"https:\/\/forelasare.hratonce.com\/coaching\/wp-json\/wp\/v2\/media\/28122"}],"wp:attachment":[{"href":"https:\/\/forelasare.hratonce.com\/coaching\/wp-json\/wp\/v2\/media?parent=28162"}],"wp:term":[{"taxonomy":"product_brand","embeddable":true,"href":"https:\/\/forelasare.hratonce.com\/coaching\/wp-json\/wp\/v2\/product_brand?post=28162"},{"taxonomy":"product_cat","embeddable":true,"href":"https:\/\/forelasare.hratonce.com\/coaching\/wp-json\/wp\/v2\/product_cat?post=28162"},{"taxonomy":"product_tag","embeddable":true,"href":"https:\/\/forelasare.hratonce.com\/coaching\/wp-json\/wp\/v2\/product_tag?post=28162"}],"curies":[{"name":"wp","href":"https:\/\/api.w.org\/{rel}","templated":true}]}}