{"id":28408,"date":"2021-08-03T12:29:54","date_gmt":"2021-08-03T10:29:54","guid":{"rendered":"https:\/\/forelasare.hratonce.com\/courses\/?post_type=product&#038;p=28408"},"modified":"2025-06-04T16:14:03","modified_gmt":"2025-06-04T14:14:03","slug":"forelasning-effektiv-sammansattning-av-team-med-organisationsdesigner-karin-berggren","status":"publish","type":"product","link":"https:\/\/forelasare.hratonce.com\/coaching\/produkt\/courses\/forelasning-effektiv-sammansattning-av-team-med-organisationsdesigner-karin-berggren\/","title":{"rendered":"F\u00f6rel\u00e4sning Effektiv sammans\u00e4ttning av team med Organisationsdesigner Karin Berggren"},"content":{"rendered":"<blockquote><p>&nbsp;<\/p><\/blockquote>\n","protected":false},"excerpt":{"rendered":"<p>Karins f\u00f6rel\u00e4sning avsnitt<br \/>\nHur vi kan \u00f6ka konkurrensf\u00f6rm\u00e5gan och bli mer anpassningsbar? F\u00f6lj avsnitten h\u00e4r<br \/>\nVad \u00e4r den nya framtidens organisation<br \/>\nVarf\u00f6r s\u00e5 viktigt med organisationsdesign?<br \/>\nDet agila i en organisation<br \/>\nTeamsammans\u00e4ttning Cross competence<br \/>\nSammans\u00e4ttning av funktions- och tv\u00e4rteam<br \/>\nProduktionsf\u00f6retag<br \/>\nEngineering<br \/>\nLogistik<br \/>\nOffentliga<br \/>\nTj\u00e4nstef\u00f6retag<br \/>\n\u00d6vergripande v\u00e4rden som arbetss\u00e4ttet och strukturen levererar<br \/>\nDelprocess<br \/>\nProcessimplementering<br \/>\nProcessuppf\u00f6ljning<br \/>\nFramg\u00e5ngsfaktorer<br \/>\n4S Effektiv sammans\u00e4ttning av team<br \/>\nSkapa mer v\u00e4rde och l\u00e5ngsiktiga positiva effekter<\/p>\n","protected":false},"featured_media":27349,"template":"","meta":{"om_disable_all_campaigns":false,"_exactmetrics_skip_tracking":false,"_exactmetrics_sitenote_active":false,"_exactmetrics_sitenote_note":"","_exactmetrics_sitenote_category":0,"_monsterinsights_skip_tracking":false,"_monsterinsights_sitenote_active":false,"_monsterinsights_sitenote_note":"","_monsterinsights_sitenote_category":0,"site-sidebar-layout":"default","site-content-layout":"default","ast-main-header-display":"","ast-hfb-above-header-display":"","ast-hfb-below-header-display":"","ast-hfb-mobile-header-display":"","site-post-title":"","ast-breadcrumbs-content":"","ast-featured-img":"","footer-sml-layout":"","theme-transparent-header-meta":"default","adv-header-id-meta":"","stick-header-meta":"","header-above-stick-meta":"","header-main-stick-meta":"","header-below-stick-meta":""},"product_brand":[],"product_cat":[15],"product_tag":[],"class_list":{"0":"post-28408","1":"product","2":"type-product","3":"status-publish","4":"has-post-thumbnail","6":"product_cat-okategoriserad","8":"first","9":"instock","10":"virtual","11":"taxable","12":"purchasable","13":"product-type-simple"},"aioseo_notices":[],"jetpack_sharing_enabled":true,"_links":{"self":[{"href":"https:\/\/forelasare.hratonce.com\/coaching\/wp-json\/wp\/v2\/product\/28408","targetHints":{"allow":["GET"]}}],"collection":[{"href":"https:\/\/forelasare.hratonce.com\/coaching\/wp-json\/wp\/v2\/product"}],"about":[{"href":"https:\/\/forelasare.hratonce.com\/coaching\/wp-json\/wp\/v2\/types\/product"}],"version-history":[{"count":0,"href":"https:\/\/forelasare.hratonce.com\/coaching\/wp-json\/wp\/v2\/product\/28408\/revisions"}],"wp:featuredmedia":[{"embeddable":true,"href":"https:\/\/forelasare.hratonce.com\/coaching\/wp-json\/wp\/v2\/media\/27349"}],"wp:attachment":[{"href":"https:\/\/forelasare.hratonce.com\/coaching\/wp-json\/wp\/v2\/media?parent=28408"}],"wp:term":[{"taxonomy":"product_brand","embeddable":true,"href":"https:\/\/forelasare.hratonce.com\/coaching\/wp-json\/wp\/v2\/product_brand?post=28408"},{"taxonomy":"product_cat","embeddable":true,"href":"https:\/\/forelasare.hratonce.com\/coaching\/wp-json\/wp\/v2\/product_cat?post=28408"},{"taxonomy":"product_tag","embeddable":true,"href":"https:\/\/forelasare.hratonce.com\/coaching\/wp-json\/wp\/v2\/product_tag?post=28408"}],"curies":[{"name":"wp","href":"https:\/\/api.w.org\/{rel}","templated":true}]}}