{"id":28471,"date":"2021-10-27T15:45:49","date_gmt":"2021-10-27T13:45:49","guid":{"rendered":"https:\/\/forelasare.hratonce.com\/courses\/?post_type=product&#038;p=28471"},"modified":"2023-03-07T10:21:41","modified_gmt":"2023-03-07T09:21:41","slug":"kom-igang-med-ett-nytt-liv-efter-att-ha-gatt-i-pension","status":"publish","type":"product","link":"https:\/\/forelasare.hratonce.com\/coaching\/produkt\/courses\/kom-igang-med-ett-nytt-liv-efter-att-ha-gatt-i-pension\/","title":{"rendered":"Kom ig\u00e5ng med ett nytt liv efter att ha g\u00e5tt i pension"},"content":{"rendered":"<p>Allt som sker i livet \u00e4r tillf\u00e4lligt s\u00e5 \u00e4ven k\u00e4nslorna som kanske ha tagit \u00f6ver sen du gick hem fr\u00e5n din sista dag p\u00e5 arbetet. Du har en ny identitet.<\/p>\n<p>Att st\u00e4lla sig undrande om vad som ska h\u00e4nda efter att ha slutat sitt arbete \u00e4r ju inte n\u00e5got konstigt. Du \u00e4r van vid att ha rutinerna klara f\u00f6r dig p\u00e5 vardagat och r\u00e4tt s\u00e5 klart f\u00f6r dig vad som h\u00e4nder under helgen. Man har sin klocka inst\u00e4lld.<\/p>\n<p>Nu har du en framtid med stor frihet att skapa nya rutiner framf\u00f6r dig. Missa inte tillf\u00e4llet att s\u00e4tta ig\u00e5ng genast.<\/p>\n<p>&nbsp;<\/p>\n<p>*Jag ger en garanti f\u00f6r att du f\u00e5r pengarna tillbaka om du inte skulle vara n\u00f6jd.<\/p>\n<p>*Reklammationen ska komma in skriftligt till kh@bpeople.eu inom 30 dagar.<\/p>\n","protected":false},"excerpt":{"rendered":"<p>En fr\u00e5ga som kanske kommer upp d\u00e5 du varit pension\u00e4r en tid \u00e4r<\/p>\n<p>&#8220;Vem \u00e4r jag nu&#8221;? Vad har jag f\u00f6r plats i livet nu? Det \u00e4r enligt experter helt normalt. Att man utv\u00e4rderar sitt liv som helhet \u00e4r viktigt. Din nya tillvaro ska ge utrymme f\u00f6r en v\u00e4rdering av livet. Vad ens liv har handlat om och inneburit.<\/p>\n<p>Vad \u00e4r du stolt \u00f6ver?<\/p>\n<p>Vad \u00e4r det du \u00e5ngrar?<\/p>\n<p>Hur du f\u00f6rsonats eller vill f\u00f6rsonas\u00a0 med det du gjort i livet.<\/p>\n<p>Det h\u00e4r \u00e4r fr\u00e5gor du\u00a0 kan ta upp med din livscoach f\u00f6r att d\u00e4refter forma rutiner f\u00f6r din nya vardag. Hitta gl\u00e4djen hos m\u00e4nniskor \u00e4r min m\u00e5ls\u00e4ttning som livscoach . Du ska vakna varje morgon och veta din mening och ha en vardag med h\u00e4ndelser som du har skapat f\u00f6r dig i din tillvaro. Allt du beh\u00f6ver g\u00f6ra \u00e4r att finna ut vad som ska till f\u00f6r att k\u00e4nna harmoni i tillvaron.<\/p>\n<p>B\u00f6rja med att prova p\u00e5 en halvtimme med mig och k\u00e4nn efter . Kanske passar det dig alldeles utm\u00e4rkt bra!<\/p>\n<p>V\u00e4lkommen att registrera dig h\u00e4r s\u00e5 tar jag kontakt med dig f\u00f6r att hitta en tid som passar in.<\/p>\n<p>Boka dina sittningar med mig , Kristina H\u00f6ghielm, en mycket erfaren livscoach som ocks\u00e5 jobbat corporate kommer att ge dig ett helt nytt fr\u00e4scht s\u00e4tt att se p\u00e5 tillvaron. D\u00e4rifr\u00e5n skapar du din nya meningsfulla vardag.<\/p>\n<p>F\u00f6rsta m\u00f6tet \u00e4r utan kostnad f\u00f6r dig.<\/p>\n<p>I priset ing\u00e5r 1 sittning \u00e1 45 minuter. Momsen ing\u00e5r i priset.<\/p>\n<p>Varje sittning \u00e4r online live med vilket media som passar dig b\u00e4st. Du f\u00e5r flera att v\u00e4lja bland. Telefonm\u00f6ten g\u00e5r ocks\u00e5 bra. Best\u00e4ll hur m\u00e5nga sittningar du beh\u00f6ver eller en sittning \u00e5t g\u00e5ngen.<\/p>\n<p>Om du har fr\u00e5gor s\u00e5 kontakta mig p\u00e5 kh@bpeople.eu. Vi kan \u00e4ven g\u00f6ra upp om flerbetalningsplan<\/p>\n<p>Mer om pensions\u00e5ldern<\/p>\n<p>Allt som sker i livet \u00e4r tillf\u00e4lligt s\u00e5 \u00e4ven k\u00e4nslorna som kanske ha tagit \u00f6ver sen du gick hem fr\u00e5n din sista dag p\u00e5 arbetet. Du har en ny identitet.<\/p>\n<p>Att st\u00e4lla sig undrande om vad som ska h\u00e4nda efter att ha slutat sitt arbete \u00e4r ju inte n\u00e5got konstigt. Du \u00e4r van vid att ha rutinerna klara f\u00f6r dig p\u00e5 vardagat och r\u00e4tt s\u00e5 klart f\u00f6r dig vad som h\u00e4nder under helgen. Man har sin klocka inst\u00e4lld.<\/p>\n<p>Nu har du en framtid med stor frihet att skapa nya rutiner framf\u00f6r dig. Missa inte tillf\u00e4llet att s\u00e4tta ig\u00e5ng genast.<\/p>\n<p>&nbsp;<\/p>\n<p>*Jag ger en garanti f\u00f6r att du f\u00e5r pengarna tillbaka om du inte skulle vara n\u00f6jd.<\/p>\n<p>*Reklammationen ska komma in skriftligt till kh@bpeople.eu inom 30 dagar.<\/p>\n","protected":false},"featured_media":28475,"template":"","meta":{"om_disable_all_campaigns":false,"_exactmetrics_skip_tracking":false,"_exactmetrics_sitenote_active":false,"_exactmetrics_sitenote_note":"","_exactmetrics_sitenote_category":0,"_monsterinsights_skip_tracking":false,"_monsterinsights_sitenote_active":false,"_monsterinsights_sitenote_note":"","_monsterinsights_sitenote_category":0,"site-sidebar-layout":"default","site-content-layout":"default","ast-main-header-display":"","ast-hfb-above-header-display":"","ast-hfb-below-header-display":"","ast-hfb-mobile-header-display":"","site-post-title":"","ast-breadcrumbs-content":"","ast-featured-img":"","footer-sml-layout":"","theme-transparent-header-meta":"default","adv-header-id-meta":"","stick-header-meta":"","header-above-stick-meta":"","header-main-stick-meta":"","header-below-stick-meta":""},"product_brand":[],"product_cat":[15],"product_tag":[],"class_list":{"0":"post-28471","1":"product","2":"type-product","3":"status-publish","4":"has-post-thumbnail","6":"product_cat-okategoriserad","8":"first","9":"instock","10":"virtual","11":"purchasable","12":"product-type-simple"},"aioseo_notices":[],"jetpack_sharing_enabled":true,"_links":{"self":[{"href":"https:\/\/forelasare.hratonce.com\/coaching\/wp-json\/wp\/v2\/product\/28471","targetHints":{"allow":["GET"]}}],"collection":[{"href":"https:\/\/forelasare.hratonce.com\/coaching\/wp-json\/wp\/v2\/product"}],"about":[{"href":"https:\/\/forelasare.hratonce.com\/coaching\/wp-json\/wp\/v2\/types\/product"}],"version-history":[{"count":2,"href":"https:\/\/forelasare.hratonce.com\/coaching\/wp-json\/wp\/v2\/product\/28471\/revisions"}],"predecessor-version":[{"id":28554,"href":"https:\/\/forelasare.hratonce.com\/coaching\/wp-json\/wp\/v2\/product\/28471\/revisions\/28554"}],"wp:featuredmedia":[{"embeddable":true,"href":"https:\/\/forelasare.hratonce.com\/coaching\/wp-json\/wp\/v2\/media\/28475"}],"wp:attachment":[{"href":"https:\/\/forelasare.hratonce.com\/coaching\/wp-json\/wp\/v2\/media?parent=28471"}],"wp:term":[{"taxonomy":"product_brand","embeddable":true,"href":"https:\/\/forelasare.hratonce.com\/coaching\/wp-json\/wp\/v2\/product_brand?post=28471"},{"taxonomy":"product_cat","embeddable":true,"href":"https:\/\/forelasare.hratonce.com\/coaching\/wp-json\/wp\/v2\/product_cat?post=28471"},{"taxonomy":"product_tag","embeddable":true,"href":"https:\/\/forelasare.hratonce.com\/coaching\/wp-json\/wp\/v2\/product_tag?post=28471"}],"curies":[{"name":"wp","href":"https:\/\/api.w.org\/{rel}","templated":true}]}}