{"id":28601,"date":"2022-10-26T11:32:57","date_gmt":"2022-10-26T09:32:57","guid":{"rendered":"https:\/\/forelasare.hratonce.com\/courses\/?post_type=product&#038;p=28601"},"modified":"2023-08-31T15:36:07","modified_gmt":"2023-08-31T13:36:07","slug":"affarscoach-livs-eller-resultatcoach","status":"publish","type":"product","link":"https:\/\/forelasare.hratonce.com\/coaching\/produkt\/courses\/affarscoach-livs-eller-resultatcoach\/","title":{"rendered":"Aff\u00e4rscoach, livs eller resultatcoach?"},"content":{"rendered":"<p>Anlita en erfaren coach hos HRatOnce. I pyramiden kan du se alla de omr\u00e5den som b\u00f6r fungera f\u00f6r att du ska ha ett bra liv. Varje parameter blir ett f\u00f6rb\u00e4ttringsomr\u00e5de. N\u00e5got eller n\u00e5gra f\u00f6rb\u00e4ttringsomr\u00e5den kanske du vil satsa p\u00e5. Men vilken coach \u00e4r b\u00e4st f\u00f6r dig?<\/p>\n<p>Livscoachning.<\/p>\n<p>Aff\u00e4rscoachning- kan vara ledarskapet, teamutveckling,organisationsutveckling, kompetensutveckling<\/p>\n<p>Karri\u00e4rcoachning- l\u00e4mpar sig b\u00e4st n\u00e4r du vill g\u00f6ra en plan f\u00f6r din karri\u00e4r eller st\u00e5r inf\u00f6r en f\u00f6r\u00e4ndring<\/p>\n<p>Resultatcoachning- Du s\u00e4ger vilket resultat du vill ha och vi jobbar mot det m\u00e5let och resultatet uppn\u00e5s.<\/p>\n<p>Boka in en stund med oss p\u00e5 HRatOnce professionals och beskriv vad du vill och varf\u00f6r s\u00e5 hittar vi r\u00e4tt coachning f\u00f6r dig!<\/p>\n<p>Vi har l\u00e5ng erfarenhet och under samtalet kommer vi fram till det som m\u00f6ter dina behov.<\/p>\n<p>&nbsp;<\/p>\n<p>&nbsp;<\/p>\n","protected":false},"excerpt":{"rendered":"<p>V\u00e4lkommen att boka en tid med oss p\u00e5 HRatOnce professionals.\u00a0 Vi bjuder p\u00e5 ett inledande och viktigt samtal med dig . Du kommer att komma fram till vilken coach du beh\u00f6ver som kommer att leda dig fram\u00e5t. Du f\u00e5r en bekr\u00e4ftelse p\u00e5 bokningen till den mailadress du angett.<\/p>\n[CP_APP_HOUR_BOOKING id=\"5\"]\n<p>&nbsp;<\/p>\n<p>Boka[CP_APP_HOUR_BOOKING id=\"5\"]<\/p>\n","protected":false},"featured_media":27630,"template":"","meta":{"om_disable_all_campaigns":false,"_exactmetrics_skip_tracking":false,"_exactmetrics_sitenote_active":false,"_exactmetrics_sitenote_note":"","_exactmetrics_sitenote_category":0,"_monsterinsights_skip_tracking":false,"_monsterinsights_sitenote_active":false,"_monsterinsights_sitenote_note":"","_monsterinsights_sitenote_category":0,"site-sidebar-layout":"default","site-content-layout":"default","ast-main-header-display":"","ast-hfb-above-header-display":"","ast-hfb-below-header-display":"","ast-hfb-mobile-header-display":"","site-post-title":"","ast-breadcrumbs-content":"","ast-featured-img":"","footer-sml-layout":"","theme-transparent-header-meta":"default","adv-header-id-meta":"","stick-header-meta":"","header-above-stick-meta":"","header-main-stick-meta":"","header-below-stick-meta":""},"product_brand":[],"product_cat":[82,96,15,97],"product_tag":[],"class_list":{"0":"post-28601","1":"product","2":"type-product","3":"status-publish","4":"has-post-thumbnail","6":"product_cat-coaching-pa-begaran","7":"product_cat-executive-coaching","8":"product_cat-okategoriserad","9":"product_cat-life-coaching","11":"first","12":"instock","13":"taxable","14":"shipping-taxable","15":"product-type-simple"},"aioseo_notices":[],"jetpack_sharing_enabled":true,"_links":{"self":[{"href":"https:\/\/forelasare.hratonce.com\/coaching\/wp-json\/wp\/v2\/product\/28601","targetHints":{"allow":["GET"]}}],"collection":[{"href":"https:\/\/forelasare.hratonce.com\/coaching\/wp-json\/wp\/v2\/product"}],"about":[{"href":"https:\/\/forelasare.hratonce.com\/coaching\/wp-json\/wp\/v2\/types\/product"}],"version-history":[{"count":7,"href":"https:\/\/forelasare.hratonce.com\/coaching\/wp-json\/wp\/v2\/product\/28601\/revisions"}],"predecessor-version":[{"id":29143,"href":"https:\/\/forelasare.hratonce.com\/coaching\/wp-json\/wp\/v2\/product\/28601\/revisions\/29143"}],"wp:featuredmedia":[{"embeddable":true,"href":"https:\/\/forelasare.hratonce.com\/coaching\/wp-json\/wp\/v2\/media\/27630"}],"wp:attachment":[{"href":"https:\/\/forelasare.hratonce.com\/coaching\/wp-json\/wp\/v2\/media?parent=28601"}],"wp:term":[{"taxonomy":"product_brand","embeddable":true,"href":"https:\/\/forelasare.hratonce.com\/coaching\/wp-json\/wp\/v2\/product_brand?post=28601"},{"taxonomy":"product_cat","embeddable":true,"href":"https:\/\/forelasare.hratonce.com\/coaching\/wp-json\/wp\/v2\/product_cat?post=28601"},{"taxonomy":"product_tag","embeddable":true,"href":"https:\/\/forelasare.hratonce.com\/coaching\/wp-json\/wp\/v2\/product_tag?post=28601"}],"curies":[{"name":"wp","href":"https:\/\/api.w.org\/{rel}","templated":true}]}}