{"id":28766,"date":"2023-01-30T08:25:12","date_gmt":"2023-01-30T07:25:12","guid":{"rendered":"https:\/\/forelasare.hratonce.com\/courses\/?post_type=product&#038;p=28766"},"modified":"2023-12-04T12:05:11","modified_gmt":"2023-12-04T11:05:11","slug":"life-leader-med-maria-linden","status":"publish","type":"product","link":"https:\/\/forelasare.hratonce.com\/coaching\/produkt\/courses\/life-leader-med-maria-linden\/","title":{"rendered":"Life Leader med Maria Lind\u00e9n"},"content":{"rendered":"<p>Maria Lind\u00e9n en av landets b\u00e4sta coacher. S\u00e5 inspererad du kommer att bli. Ta dig sj\u00e4lv och din business till nya h\u00f6jder. Marias toolkit \u00f6ppnar hon fr\u00e5n f\u00f6rsta dagen.<\/p>\n<p>Klicka h\u00e4r f\u00f6r att f\u00e5 mer information om Marias utbud.<\/p>\n<a class=\"maxbutton-26 maxbutton\" href=\"https:\/\/marialinden.se\"><span class='mb-text'>Book LIfe Leaders<\/span><\/a>\n","protected":false},"excerpt":{"rendered":"<p>Maria Lind\u00e9n en av landets b\u00e4sta coacher. S\u00e5 inspererad du kommer att bli. Ta dig sj\u00e4lv och din business till nya h\u00f6jder. Marias toolkit \u00f6ppnar hon fr\u00e5n f\u00f6rsta dagen. Klicka h\u00e4r f\u00f6r att f\u00e5 mer information om Marias utbud.<\/p>\n","protected":false},"featured_media":28462,"template":"","meta":{"om_disable_all_campaigns":false,"_exactmetrics_skip_tracking":false,"_exactmetrics_sitenote_active":false,"_exactmetrics_sitenote_note":"","_exactmetrics_sitenote_category":0,"_monsterinsights_skip_tracking":false,"_monsterinsights_sitenote_active":false,"_monsterinsights_sitenote_note":"","_monsterinsights_sitenote_category":0,"site-sidebar-layout":"default","site-content-layout":"default","ast-main-header-display":"","ast-hfb-above-header-display":"","ast-hfb-below-header-display":"","ast-hfb-mobile-header-display":"","site-post-title":"","ast-breadcrumbs-content":"","ast-featured-img":"","footer-sml-layout":"","theme-transparent-header-meta":"default","adv-header-id-meta":"","stick-header-meta":"","header-above-stick-meta":"","header-main-stick-meta":"","header-below-stick-meta":""},"product_brand":[],"product_cat":[82,96,107,15,97,95],"product_tag":[],"class_list":{"0":"post-28766","1":"product","2":"type-product","3":"status-publish","4":"has-post-thumbnail","6":"product_cat-coaching-pa-begaran","7":"product_cat-executive-coaching","8":"product_cat-forelasning","9":"product_cat-okategoriserad","10":"product_cat-life-coaching","11":"product_cat-masterclass","13":"first","14":"instock","15":"downloadable","16":"virtual","17":"sold-individually","18":"taxable","19":"product-type-simple"},"aioseo_notices":[],"jetpack_sharing_enabled":true,"_links":{"self":[{"href":"https:\/\/forelasare.hratonce.com\/coaching\/wp-json\/wp\/v2\/product\/28766","targetHints":{"allow":["GET"]}}],"collection":[{"href":"https:\/\/forelasare.hratonce.com\/coaching\/wp-json\/wp\/v2\/product"}],"about":[{"href":"https:\/\/forelasare.hratonce.com\/coaching\/wp-json\/wp\/v2\/types\/product"}],"version-history":[{"count":2,"href":"https:\/\/forelasare.hratonce.com\/coaching\/wp-json\/wp\/v2\/product\/28766\/revisions"}],"predecessor-version":[{"id":28768,"href":"https:\/\/forelasare.hratonce.com\/coaching\/wp-json\/wp\/v2\/product\/28766\/revisions\/28768"}],"wp:featuredmedia":[{"embeddable":true,"href":"https:\/\/forelasare.hratonce.com\/coaching\/wp-json\/wp\/v2\/media\/28462"}],"wp:attachment":[{"href":"https:\/\/forelasare.hratonce.com\/coaching\/wp-json\/wp\/v2\/media?parent=28766"}],"wp:term":[{"taxonomy":"product_brand","embeddable":true,"href":"https:\/\/forelasare.hratonce.com\/coaching\/wp-json\/wp\/v2\/product_brand?post=28766"},{"taxonomy":"product_cat","embeddable":true,"href":"https:\/\/forelasare.hratonce.com\/coaching\/wp-json\/wp\/v2\/product_cat?post=28766"},{"taxonomy":"product_tag","embeddable":true,"href":"https:\/\/forelasare.hratonce.com\/coaching\/wp-json\/wp\/v2\/product_tag?post=28766"}],"curies":[{"name":"wp","href":"https:\/\/api.w.org\/{rel}","templated":true}]}}