{"id":28789,"date":"2023-01-27T14:06:39","date_gmt":"2023-01-27T13:06:39","guid":{"rendered":"https:\/\/forelasare.hratonce.com\/courses\/?post_type=product&#038;p=28789"},"modified":"2023-01-27T14:06:39","modified_gmt":"2023-01-27T13:06:39","slug":"sjalvutvecklingsprogrammet","status":"publish","type":"product","link":"https:\/\/forelasare.hratonce.com\/coaching\/produkt\/courses\/sjalvutvecklingsprogrammet\/","title":{"rendered":"Sj\u00e4lvutvecklingsprogrammet"},"content":{"rendered":"<p>12 m\u00e5naders program med ett pass per m\u00e5nad. Vi tr\u00e4ffas under 45 minuter varje g\u00e5ng och dessemellan f\u00e5r du hemuppgifter,<\/p>\n<p>Vi g\u00f6r en behovsanalys<\/p>\n<p>Du f\u00e5r PSP programmet som du kommer att f\u00f6lja f\u00f6r att uppt\u00e4cka dig sj\u00e4lv och vad du vill och varf\u00f6r.<\/p>\n<p>Du f\u00e5r hj\u00e4lp med att etablera en strategi f\u00f6r hur du ska komma dit du vill och uppn\u00e5 dina dr\u00f6mmar.<\/p>\n","protected":false},"excerpt":{"rendered":"<p>12 m\u00e5naders program med ett pass per m\u00e5nad. Vi tr\u00e4ffas under 45 minuter varje g\u00e5ng och dessemellan f\u00e5r du hemuppgifter, Vi g\u00f6r en behovsanalys Du f\u00e5r PSP programmet som du kommer att f\u00f6lja f\u00f6r att uppt\u00e4cka dig sj\u00e4lv och vad du vill och varf\u00f6r. Du f\u00e5r hj\u00e4lp med att etablera en strategi f\u00f6r hur du &hellip;<\/p>\n<p class=\"read-more\"> <a class=\"\" href=\"https:\/\/forelasare.hratonce.com\/coaching\/produkt\/courses\/sjalvutvecklingsprogrammet\/\"> <span class=\"screen-reader-text\">Sj\u00e4lvutvecklingsprogrammet<\/span> L\u00e4s mer &raquo;<\/a><\/p>\n","protected":false},"featured_media":27368,"template":"","meta":{"om_disable_all_campaigns":false,"_exactmetrics_skip_tracking":false,"_exactmetrics_sitenote_active":false,"_exactmetrics_sitenote_note":"","_exactmetrics_sitenote_category":0,"_monsterinsights_skip_tracking":false,"_monsterinsights_sitenote_active":false,"_monsterinsights_sitenote_note":"","_monsterinsights_sitenote_category":0,"site-sidebar-layout":"default","site-content-layout":"default","ast-main-header-display":"","ast-hfb-above-header-display":"","ast-hfb-below-header-display":"","ast-hfb-mobile-header-display":"","site-post-title":"","ast-breadcrumbs-content":"","ast-featured-img":"","footer-sml-layout":"","theme-transparent-header-meta":"default","adv-header-id-meta":"","stick-header-meta":"","header-above-stick-meta":"","header-main-stick-meta":"","header-below-stick-meta":""},"product_brand":[],"product_cat":[15],"product_tag":[],"class_list":{"0":"post-28789","1":"product","2":"type-product","3":"status-publish","4":"has-post-thumbnail","6":"product_cat-okategoriserad","8":"first","9":"instock","10":"downloadable","11":"virtual","12":"taxable","13":"purchasable","14":"product-type-simple"},"aioseo_notices":[],"jetpack_sharing_enabled":true,"_links":{"self":[{"href":"https:\/\/forelasare.hratonce.com\/coaching\/wp-json\/wp\/v2\/product\/28789","targetHints":{"allow":["GET"]}}],"collection":[{"href":"https:\/\/forelasare.hratonce.com\/coaching\/wp-json\/wp\/v2\/product"}],"about":[{"href":"https:\/\/forelasare.hratonce.com\/coaching\/wp-json\/wp\/v2\/types\/product"}],"version-history":[{"count":2,"href":"https:\/\/forelasare.hratonce.com\/coaching\/wp-json\/wp\/v2\/product\/28789\/revisions"}],"predecessor-version":[{"id":28791,"href":"https:\/\/forelasare.hratonce.com\/coaching\/wp-json\/wp\/v2\/product\/28789\/revisions\/28791"}],"wp:featuredmedia":[{"embeddable":true,"href":"https:\/\/forelasare.hratonce.com\/coaching\/wp-json\/wp\/v2\/media\/27368"}],"wp:attachment":[{"href":"https:\/\/forelasare.hratonce.com\/coaching\/wp-json\/wp\/v2\/media?parent=28789"}],"wp:term":[{"taxonomy":"product_brand","embeddable":true,"href":"https:\/\/forelasare.hratonce.com\/coaching\/wp-json\/wp\/v2\/product_brand?post=28789"},{"taxonomy":"product_cat","embeddable":true,"href":"https:\/\/forelasare.hratonce.com\/coaching\/wp-json\/wp\/v2\/product_cat?post=28789"},{"taxonomy":"product_tag","embeddable":true,"href":"https:\/\/forelasare.hratonce.com\/coaching\/wp-json\/wp\/v2\/product_tag?post=28789"}],"curies":[{"name":"wp","href":"https:\/\/api.w.org\/{rel}","templated":true}]}}