{"id":28874,"date":"2023-06-02T10:22:17","date_gmt":"2023-06-02T08:22:17","guid":{"rendered":"https:\/\/forelasare.hratonce.com\/courses\/?post_type=product&#038;p=28874"},"modified":"2023-06-02T17:01:55","modified_gmt":"2023-06-02T15:01:55","slug":"skapa-ditt-personliga-varumarke-videokurs","status":"publish","type":"product","link":"https:\/\/forelasare.hratonce.com\/coaching\/produkt\/courses\/skapa-ditt-personliga-varumarke-videokurs\/","title":{"rendered":"Skapa ditt personliga varum\u00e4rke videokurs"},"content":{"rendered":"<p>Att bygga sitt personliga varum\u00e4rke \u00e4r att synligg\u00f6ra sig sj\u00e4lv. Att tala om vad du har att erbjuda. Vad ger ditt varum\u00e4rke f\u00f6r k\u00e4nslor och upplevelser n\u00e4r man ser det?<\/p>\n<p>Med ditt personliga varum\u00e4rke kan du nu s\u00f6ka arbete p\u00e5 ett helt annat s\u00e4tt. Du har f\u00e5tt en sj\u00e4lvk\u00e4nnedom som ingen annan och du kan planera f\u00f6r din karri\u00e4r p\u00e5 ett helt nytt s\u00e4tt.<\/p>\n<p>Varum\u00e4rket ska tala om vem du \u00e4r, vad du st\u00e5r f\u00f6r, vad du har f\u00f6r budskap till andra. Hur vill du bli uppfattad?<\/p>\n<p>Du v\u00e4ljer sj\u00e4lv vilka som ska se dig och var du vill synas.<\/p>\n<p>Idag \u00e4r det sociala medier som \u00e4r i framkant. Men hur g\u00f6r du dig synlig d\u00e5 du s\u00f6ker jobb tillexempel?<\/p>\n<p>Vad \u00e4r det du vill att andra ska veta?<\/p>\n<p>Vilka ska f\u00e5 veta?<\/p>\n<p>Den h\u00e4r kursen \u00e4r l\u00e4tt att g\u00f6ra. Du f\u00e5r verktyg hela kursen igenom som g\u00f6r att du formar ditt personliga varum\u00e4rke.<\/p>\n<p>N\u00e4r du s\u00f6ker jobb<\/p>\n<p>N\u00e4r du vill g\u00f6ra din egen hemsida<\/p>\n<p>N\u00e4r du vill synas i sociala medier.<\/p>\n<p>Du l\u00e4r dig att forma dina budskap utifr\u00e5n den du \u00e4r, b\u00e5de som professionell och n\u00e4r du \u00e4r privat.<\/p>\n<p>Vem \u00e4r du professionellt och i business?<\/p>\n<p>Vem \u00e4r du privat? Bland dina v\u00e4nner, din familj och bekanta?<\/p>\n","protected":false},"excerpt":{"rendered":"<p>Detta steg f\u00f6r steg program ger dig alla verktygen du beh\u00f6ver f\u00f6r att skapa ditt varum\u00e4rke. Ditt varum\u00e4rke synlig\u00f6r vem du \u00e4r, vad du st\u00e5r f\u00f6r och vilket budskap du vill f\u00f6rmedla till dina anh\u00e4ngar.<\/p>\n<p>&nbsp;<\/p>\n<p>&nbsp;<\/p>\n","protected":false},"featured_media":0,"template":"","meta":{"om_disable_all_campaigns":false,"_exactmetrics_skip_tracking":false,"_exactmetrics_sitenote_active":false,"_exactmetrics_sitenote_note":"","_exactmetrics_sitenote_category":0,"_monsterinsights_skip_tracking":false,"_monsterinsights_sitenote_active":false,"_monsterinsights_sitenote_note":"","_monsterinsights_sitenote_category":0,"site-sidebar-layout":"default","site-content-layout":"default","ast-main-header-display":"","ast-hfb-above-header-display":"","ast-hfb-below-header-display":"","ast-hfb-mobile-header-display":"","site-post-title":"","ast-breadcrumbs-content":"","ast-featured-img":"","footer-sml-layout":"","theme-transparent-header-meta":"default","adv-header-id-meta":"","stick-header-meta":"","header-above-stick-meta":"","header-main-stick-meta":"","header-below-stick-meta":""},"product_brand":[],"product_cat":[15],"product_tag":[],"class_list":{"0":"post-28874","1":"product","2":"type-product","3":"status-publish","5":"product_cat-okategoriserad","7":"first","8":"instock","9":"downloadable","10":"sold-individually","11":"taxable","12":"shipping-taxable","13":"purchasable","14":"product-type-simple"},"aioseo_notices":[],"jetpack_sharing_enabled":true,"_links":{"self":[{"href":"https:\/\/forelasare.hratonce.com\/coaching\/wp-json\/wp\/v2\/product\/28874","targetHints":{"allow":["GET"]}}],"collection":[{"href":"https:\/\/forelasare.hratonce.com\/coaching\/wp-json\/wp\/v2\/product"}],"about":[{"href":"https:\/\/forelasare.hratonce.com\/coaching\/wp-json\/wp\/v2\/types\/product"}],"version-history":[{"count":5,"href":"https:\/\/forelasare.hratonce.com\/coaching\/wp-json\/wp\/v2\/product\/28874\/revisions"}],"predecessor-version":[{"id":28883,"href":"https:\/\/forelasare.hratonce.com\/coaching\/wp-json\/wp\/v2\/product\/28874\/revisions\/28883"}],"wp:attachment":[{"href":"https:\/\/forelasare.hratonce.com\/coaching\/wp-json\/wp\/v2\/media?parent=28874"}],"wp:term":[{"taxonomy":"product_brand","embeddable":true,"href":"https:\/\/forelasare.hratonce.com\/coaching\/wp-json\/wp\/v2\/product_brand?post=28874"},{"taxonomy":"product_cat","embeddable":true,"href":"https:\/\/forelasare.hratonce.com\/coaching\/wp-json\/wp\/v2\/product_cat?post=28874"},{"taxonomy":"product_tag","embeddable":true,"href":"https:\/\/forelasare.hratonce.com\/coaching\/wp-json\/wp\/v2\/product_tag?post=28874"}],"curies":[{"name":"wp","href":"https:\/\/api.w.org\/{rel}","templated":true}]}}