{"id":28925,"date":"2023-08-03T10:55:30","date_gmt":"2023-08-03T08:55:30","guid":{"rendered":"https:\/\/forelasare.hratonce.com\/courses\/?post_type=product&#038;p=28925"},"modified":"2025-07-09T08:36:15","modified_gmt":"2025-07-09T06:36:15","slug":"mirjam-johansson-grant-leder-dig-till-framgang","status":"publish","type":"product","link":"https:\/\/forelasare.hratonce.com\/coaching\/produkt\/courses\/mirjam-johansson-grant-leder-dig-till-framgang\/","title":{"rendered":"K\u00f6p en timme coachning med Mirjam Johansson Grant och l\u00e4gg din strategi f\u00f6r vad du vill uppn\u00e5."},"content":{"rendered":"<p><img fetchpriority=\"high\" decoding=\"async\" class=\"alignnone size-medium wp-image-28927\" src=\"https:\/\/forelasare.hratonce.com\/wp-content\/uploads\/2023\/08\/Mirre-profil-1-300x300.jpg\" alt=\"\" width=\"300\" height=\"300\" srcset=\"https:\/\/forelasare.hratonce.com\/wp-content\/uploads\/2023\/08\/Mirre-profil-1-300x300.jpg 300w, https:\/\/forelasare.hratonce.com\/wp-content\/uploads\/2023\/08\/Mirre-profil-1-150x150.jpg 150w, https:\/\/forelasare.hratonce.com\/wp-content\/uploads\/2023\/08\/Mirre-profil-1-768x768.jpg 768w, https:\/\/forelasare.hratonce.com\/wp-content\/uploads\/2023\/08\/Mirre-profil-1-600x600.jpg 600w, https:\/\/forelasare.hratonce.com\/wp-content\/uploads\/2023\/08\/Mirre-profil-1-100x100.jpg 100w, https:\/\/forelasare.hratonce.com\/wp-content\/uploads\/2023\/08\/Mirre-profil-1-24x24.jpg 24w, https:\/\/forelasare.hratonce.com\/wp-content\/uploads\/2023\/08\/Mirre-profil-1-48x48.jpg 48w, https:\/\/forelasare.hratonce.com\/wp-content\/uploads\/2023\/08\/Mirre-profil-1-96x96.jpg 96w, https:\/\/forelasare.hratonce.com\/wp-content\/uploads\/2023\/08\/Mirre-profil-1.jpg 800w\" sizes=\"(max-width: 300px) 100vw, 300px\" \/><\/p>\n<p>Under en timme med Mirjam Johansson Grant kan du lyfta dina funderingar och f\u00e5 feed back. Du hinner ocks\u00e5 under en timme staka ut en strategi f\u00f6r hur du kan uppn\u00e5 dina m\u00e5l<\/p>\n","protected":false},"excerpt":{"rendered":"<p>[CP_APP_HOUR_BOOKING id=\"4\"]Mirjam Johansson Grant, otroligt skicklig ledarskap, livs och organisationscoach. K\u00f6p en timme med Mirjam Johansson Grant. Du har ett tillf\u00e4lligt erbjudande med 50 procents rabatt. Kontakta oss f\u00f6r att f\u00e5 rabattkoden. Och ett tillf\u00e4lle att staka ut vad du vill uppn\u00e5.<\/p>\n<p>En coach av toppklass hanterar alla \u00e4mnen och coachee f\u00e5r alltid \u00f6nskat resultat.<\/p>\n","protected":false},"featured_media":28960,"template":"","meta":{"om_disable_all_campaigns":false,"_exactmetrics_skip_tracking":false,"_exactmetrics_sitenote_active":false,"_exactmetrics_sitenote_note":"","_exactmetrics_sitenote_category":0,"_monsterinsights_skip_tracking":false,"_monsterinsights_sitenote_active":false,"_monsterinsights_sitenote_note":"","_monsterinsights_sitenote_category":0,"site-sidebar-layout":"default","site-content-layout":"default","ast-main-header-display":"disabled","ast-hfb-above-header-display":"","ast-hfb-below-header-display":"","ast-hfb-mobile-header-display":"disabled","site-post-title":"disabled","ast-breadcrumbs-content":"disabled","ast-featured-img":"disabled","footer-sml-layout":"disabled","theme-transparent-header-meta":"default","adv-header-id-meta":"","stick-header-meta":"","header-above-stick-meta":"","header-main-stick-meta":"","header-below-stick-meta":""},"product_brand":[],"product_cat":[96],"product_tag":[],"class_list":{"0":"post-28925","1":"product","2":"type-product","3":"status-publish","4":"has-post-thumbnail","6":"product_cat-executive-coaching","8":"first","9":"instock","10":"taxable","11":"shipping-taxable","12":"purchasable","13":"product-type-simple"},"aioseo_notices":[],"jetpack_sharing_enabled":true,"_links":{"self":[{"href":"https:\/\/forelasare.hratonce.com\/coaching\/wp-json\/wp\/v2\/product\/28925","targetHints":{"allow":["GET"]}}],"collection":[{"href":"https:\/\/forelasare.hratonce.com\/coaching\/wp-json\/wp\/v2\/product"}],"about":[{"href":"https:\/\/forelasare.hratonce.com\/coaching\/wp-json\/wp\/v2\/types\/product"}],"version-history":[{"count":13,"href":"https:\/\/forelasare.hratonce.com\/coaching\/wp-json\/wp\/v2\/product\/28925\/revisions"}],"predecessor-version":[{"id":29120,"href":"https:\/\/forelasare.hratonce.com\/coaching\/wp-json\/wp\/v2\/product\/28925\/revisions\/29120"}],"wp:featuredmedia":[{"embeddable":true,"href":"https:\/\/forelasare.hratonce.com\/coaching\/wp-json\/wp\/v2\/media\/28960"}],"wp:attachment":[{"href":"https:\/\/forelasare.hratonce.com\/coaching\/wp-json\/wp\/v2\/media?parent=28925"}],"wp:term":[{"taxonomy":"product_brand","embeddable":true,"href":"https:\/\/forelasare.hratonce.com\/coaching\/wp-json\/wp\/v2\/product_brand?post=28925"},{"taxonomy":"product_cat","embeddable":true,"href":"https:\/\/forelasare.hratonce.com\/coaching\/wp-json\/wp\/v2\/product_cat?post=28925"},{"taxonomy":"product_tag","embeddable":true,"href":"https:\/\/forelasare.hratonce.com\/coaching\/wp-json\/wp\/v2\/product_tag?post=28925"}],"curies":[{"name":"wp","href":"https:\/\/api.w.org\/{rel}","templated":true}]}}