{"id":28992,"date":"2023-08-04T10:47:30","date_gmt":"2023-08-04T08:47:30","guid":{"rendered":"https:\/\/forelasare.hratonce.com\/courses\/?post_type=product&#038;p=28992"},"modified":"2023-09-26T15:12:43","modified_gmt":"2023-09-26T13:12:43","slug":"skapa-ditt-personliga-varumarke","status":"publish","type":"product","link":"https:\/\/forelasare.hratonce.com\/coaching\/produkt\/courses\/skapa-ditt-personliga-varumarke\/","title":{"rendered":"S\u00e5 skapar du ditt personliga varum\u00e4rke- Videokurs"},"content":{"rendered":"<p>En av de b\u00e4sta s\u00e4tten att n\u00e5 dina m\u00e5ls\u00e4ttningar \u00e4r att skapa ditt personliga varum\u00e4rke.<\/p>\n<p>Vad det inneh\u00e5ller f\u00e5r du hj\u00e4lp med steg f\u00f6r steg i denna videokurs. F\u00f6rdelen med videokurs \u00e4r att du n\u00e4r som helst stoppar och verkligen kan t\u00e4nka efter<\/p>\n<ul>\n<li>vem du \u00e4r<\/li>\n<li>vad du vill<\/li>\n<li>vad ditt varum\u00e4rke ska anv\u00e4ndas till<a class=\"maxbutton-5 maxbutton maxbutton-ga-till-kus\" href=\"https:\/\/forelasare.hratonce.com\/courses\/produkt\/courses\/skapa-ditt-personliga-varumarke\/\"><span class='mb-text'>G\u00e5 till kurs<\/span><\/a><\/li>\n<\/ul>\n","protected":false},"excerpt":{"rendered":"<p>En av de b\u00e4sta s\u00e4tten att n\u00e5 dina m\u00e5ls\u00e4ttningar \u00e4r att skapa ditt personliga varum\u00e4rke. Vad det inneh\u00e5ller f\u00e5r du hj\u00e4lp med steg f\u00f6r steg i denna videokurs. F\u00f6rdelen med videokurs \u00e4r att du n\u00e4r som helst stoppar och verkligen kan t\u00e4nka efter vem du \u00e4r vad du vill vad ditt varum\u00e4rke ska anv\u00e4ndas till<\/p>\n","protected":false},"featured_media":28960,"template":"","meta":{"om_disable_all_campaigns":false,"_exactmetrics_skip_tracking":false,"_exactmetrics_sitenote_active":false,"_exactmetrics_sitenote_note":"","_exactmetrics_sitenote_category":0,"_monsterinsights_skip_tracking":false,"_monsterinsights_sitenote_active":false,"_monsterinsights_sitenote_note":"","_monsterinsights_sitenote_category":0,"site-sidebar-layout":"default","site-content-layout":"default","ast-main-header-display":"","ast-hfb-above-header-display":"","ast-hfb-below-header-display":"","ast-hfb-mobile-header-display":"","site-post-title":"","ast-breadcrumbs-content":"","ast-featured-img":"","footer-sml-layout":"","theme-transparent-header-meta":"default","adv-header-id-meta":"","stick-header-meta":"","header-above-stick-meta":"","header-main-stick-meta":"","header-below-stick-meta":""},"product_brand":[],"product_cat":[15],"product_tag":[],"class_list":{"0":"post-28992","1":"product","2":"type-product","3":"status-publish","4":"has-post-thumbnail","6":"product_cat-okategoriserad","8":"first","9":"instock","10":"downloadable","11":"virtual","12":"taxable","13":"purchasable","14":"product-type-simple"},"aioseo_notices":[],"jetpack_sharing_enabled":true,"_links":{"self":[{"href":"https:\/\/forelasare.hratonce.com\/coaching\/wp-json\/wp\/v2\/product\/28992","targetHints":{"allow":["GET"]}}],"collection":[{"href":"https:\/\/forelasare.hratonce.com\/coaching\/wp-json\/wp\/v2\/product"}],"about":[{"href":"https:\/\/forelasare.hratonce.com\/coaching\/wp-json\/wp\/v2\/types\/product"}],"version-history":[{"count":7,"href":"https:\/\/forelasare.hratonce.com\/coaching\/wp-json\/wp\/v2\/product\/28992\/revisions"}],"predecessor-version":[{"id":29003,"href":"https:\/\/forelasare.hratonce.com\/coaching\/wp-json\/wp\/v2\/product\/28992\/revisions\/29003"}],"wp:featuredmedia":[{"embeddable":true,"href":"https:\/\/forelasare.hratonce.com\/coaching\/wp-json\/wp\/v2\/media\/28960"}],"wp:attachment":[{"href":"https:\/\/forelasare.hratonce.com\/coaching\/wp-json\/wp\/v2\/media?parent=28992"}],"wp:term":[{"taxonomy":"product_brand","embeddable":true,"href":"https:\/\/forelasare.hratonce.com\/coaching\/wp-json\/wp\/v2\/product_brand?post=28992"},{"taxonomy":"product_cat","embeddable":true,"href":"https:\/\/forelasare.hratonce.com\/coaching\/wp-json\/wp\/v2\/product_cat?post=28992"},{"taxonomy":"product_tag","embeddable":true,"href":"https:\/\/forelasare.hratonce.com\/coaching\/wp-json\/wp\/v2\/product_tag?post=28992"}],"curies":[{"name":"wp","href":"https:\/\/api.w.org\/{rel}","templated":true}]}}