{"id":29112,"date":"2023-08-30T14:08:17","date_gmt":"2023-08-30T12:08:17","guid":{"rendered":"https:\/\/forelasare.hratonce.com\/coaching\/?post_type=product&#038;p=29112"},"modified":"2023-08-31T14:09:08","modified_gmt":"2023-08-31T12:09:08","slug":"boka-en-coachingtimme","status":"publish","type":"product","link":"https:\/\/forelasare.hratonce.com\/coaching\/produkt\/courses\/boka-en-coachingtimme\/","title":{"rendered":"Boka en coachingtimme"},"content":{"rendered":"<p>Under en coachingtimme med Mirjam Johansson Grant kommer du att kunna<\/p>\n<ul>\n<li>s\u00e4tta upp m\u00e5l<\/li>\n<li>l\u00e4gga en f\u00f6rsta strategi f\u00f6r hur det kan genomf\u00f6ras<\/li>\n<\/ul>\n<p>Rabattkoden kerstinH ger dig 50 procents rabatt.<\/p>\n<p>&nbsp;<\/p>\n","protected":false},"excerpt":{"rendered":"<p>Under 60 minuter online live kan du diskutera med Mirjam Johansson Grant om hur hennes coaching genomf\u00f6rs och om dina \u00f6nskem\u00e5l.<\/p>\n<p>Du kan redan f\u00f6rsta m\u00f6tet s\u00e4tta m\u00e5len och Mirjam Johansson Grant kan ge en \u00f6vergripande presentation om hur du kan l\u00e4gga en strategi f\u00f6r att n\u00e5 dem.<\/p>\n<p>Ange rabattkoden kerstinH och du f\u00e5r 50 procents rabatt<\/p>\n[CP_APP_HOUR_BOOKING id=\"5\"]\n<p>&nbsp;<\/p>\n","protected":false},"featured_media":28927,"template":"","meta":{"om_disable_all_campaigns":false,"_exactmetrics_skip_tracking":false,"_exactmetrics_sitenote_active":false,"_exactmetrics_sitenote_note":"","_exactmetrics_sitenote_category":0,"_monsterinsights_skip_tracking":false,"_monsterinsights_sitenote_active":false,"_monsterinsights_sitenote_note":"","_monsterinsights_sitenote_category":0,"site-sidebar-layout":"default","site-content-layout":"default","ast-main-header-display":"","ast-hfb-above-header-display":"","ast-hfb-below-header-display":"","ast-hfb-mobile-header-display":"","site-post-title":"","ast-breadcrumbs-content":"","ast-featured-img":"","footer-sml-layout":"","theme-transparent-header-meta":"default","adv-header-id-meta":"","stick-header-meta":"","header-above-stick-meta":"","header-main-stick-meta":"","header-below-stick-meta":""},"product_brand":[],"product_cat":[15],"product_tag":[],"class_list":{"0":"post-29112","1":"product","2":"type-product","3":"status-publish","4":"has-post-thumbnail","6":"product_cat-okategoriserad","8":"first","9":"instock","10":"virtual","11":"sold-individually","12":"taxable","13":"purchasable","14":"product-type-simple"},"aioseo_notices":[],"jetpack_sharing_enabled":true,"_links":{"self":[{"href":"https:\/\/forelasare.hratonce.com\/coaching\/wp-json\/wp\/v2\/product\/29112","targetHints":{"allow":["GET"]}}],"collection":[{"href":"https:\/\/forelasare.hratonce.com\/coaching\/wp-json\/wp\/v2\/product"}],"about":[{"href":"https:\/\/forelasare.hratonce.com\/coaching\/wp-json\/wp\/v2\/types\/product"}],"version-history":[{"count":7,"href":"https:\/\/forelasare.hratonce.com\/coaching\/wp-json\/wp\/v2\/product\/29112\/revisions"}],"predecessor-version":[{"id":29141,"href":"https:\/\/forelasare.hratonce.com\/coaching\/wp-json\/wp\/v2\/product\/29112\/revisions\/29141"}],"wp:featuredmedia":[{"embeddable":true,"href":"https:\/\/forelasare.hratonce.com\/coaching\/wp-json\/wp\/v2\/media\/28927"}],"wp:attachment":[{"href":"https:\/\/forelasare.hratonce.com\/coaching\/wp-json\/wp\/v2\/media?parent=29112"}],"wp:term":[{"taxonomy":"product_brand","embeddable":true,"href":"https:\/\/forelasare.hratonce.com\/coaching\/wp-json\/wp\/v2\/product_brand?post=29112"},{"taxonomy":"product_cat","embeddable":true,"href":"https:\/\/forelasare.hratonce.com\/coaching\/wp-json\/wp\/v2\/product_cat?post=29112"},{"taxonomy":"product_tag","embeddable":true,"href":"https:\/\/forelasare.hratonce.com\/coaching\/wp-json\/wp\/v2\/product_tag?post=29112"}],"curies":[{"name":"wp","href":"https:\/\/api.w.org\/{rel}","templated":true}]}}