{"id":29335,"date":"2025-03-04T10:28:52","date_gmt":"2025-03-04T09:28:52","guid":{"rendered":"https:\/\/forelasare.hratonce.com\/coaching\/?post_type=product&#038;p=29335"},"modified":"2025-03-04T15:08:39","modified_gmt":"2025-03-04T14:08:39","slug":"halsostrateg-faste-terapeut-marie-segelstrom","status":"publish","type":"product","link":"https:\/\/forelasare.hratonce.com\/coaching\/produkt\/courses\/halsostrateg-faste-terapeut-marie-segelstrom\/","title":{"rendered":"H\u00e4lsostrateg-faste terapeut Marie Segelstr\u00f6m"},"content":{"rendered":"<p><img fetchpriority=\"high\" decoding=\"async\" class=\"alignnone size-medium wp-image-25640\" src=\"https:\/\/forelasare.hratonce.com\/wp-content\/uploads\/2020\/01\/IMarie-yp-sitter-p\u00e5-\u00e4ngen-211x300.jpg\" alt=\"\" width=\"211\" height=\"300\" srcset=\"https:\/\/forelasare.hratonce.com\/wp-content\/uploads\/2020\/01\/IMarie-yp-sitter-p\u00e5-\u00e4ngen-211x300.jpg 211w, https:\/\/forelasare.hratonce.com\/wp-content\/uploads\/2020\/01\/IMarie-yp-sitter-p\u00e5-\u00e4ngen-720x1024.jpg 720w, https:\/\/forelasare.hratonce.com\/wp-content\/uploads\/2020\/01\/IMarie-yp-sitter-p\u00e5-\u00e4ngen-768x1092.jpg 768w, https:\/\/forelasare.hratonce.com\/wp-content\/uploads\/2020\/01\/IMarie-yp-sitter-p\u00e5-\u00e4ngen-600x853.jpg 600w, https:\/\/forelasare.hratonce.com\/wp-content\/uploads\/2020\/01\/IMarie-yp-sitter-p\u00e5-\u00e4ngen.jpg 992w\" sizes=\"(max-width: 211px) 100vw, 211px\" \/><\/p>\n<p>Marie Segelstr\u00f6m har m\u00e5nga \u00e5rs erfarenhet som h\u00e4lsocoach. Hon anordnar kontinuerliga h\u00e4lsoresor i Sverige och utomlands.<\/p>\n<p>Marie Segelstr\u00f6m \u00e4r en f\u00f6respr\u00e5kare f\u00f6r fasta. Hon \u00e4r certifierad av Sanna Ehdin en svensk l\u00e4kare som l\u00e4nge anser att alternativ medicin \u00e4r ett fint komplement f\u00f6r att f\u00e5 en b\u00e4ttre allm\u00e4n h\u00e4lsa.<\/p>\n<p>Marie ger ocks\u00e5 frekvensterapi. Frekvensterapi \u00e4r en metod som hj\u00e4lper kroppens balanser.<\/p>\n<p>Marie har hj\u00e4lpt en klient sv\u00e5rt drabbad av allvarliga biverkningar efter covid19 vaccinerationer. Speciellt blev hennes klient allvarligt sjuk efter tredje sprutan, Pfizer.<\/p>\n<p>D\u00e4rf\u00f6r \u00e4r F\u00f6reningen Clearavacc tacksamma f\u00f6r att kunna r\u00e4kna in Marie Segelstr\u00f6m som en av v\u00e5ra b\u00e4sta sakkunniga inom clearavaccn\u00e4tverket.<\/p>\n<p>&nbsp;<\/p>\n","protected":false},"excerpt":{"rendered":"<p>Best\u00e4ll Marie f\u00f6r en timme och beskriv dina h\u00e4lsoproblem och vad du vill ska bli b\u00e4ttre inom din h\u00e4lsa.<\/p>\n<p>Marie kommer att v\u00e4gleda dig och tillsammans kommer ni fram till vad som du beh\u00f6ver i syfte att f\u00e5 en b\u00e4ttre h\u00e4lsa.<\/p>\n","protected":false},"featured_media":0,"template":"","meta":{"om_disable_all_campaigns":false,"_exactmetrics_skip_tracking":false,"_exactmetrics_sitenote_active":false,"_exactmetrics_sitenote_note":"","_exactmetrics_sitenote_category":0,"_monsterinsights_skip_tracking":false,"_monsterinsights_sitenote_active":false,"_monsterinsights_sitenote_note":"","_monsterinsights_sitenote_category":0,"site-sidebar-layout":"default","site-content-layout":"default","ast-main-header-display":"","ast-hfb-above-header-display":"","ast-hfb-below-header-display":"","ast-hfb-mobile-header-display":"","site-post-title":"","ast-breadcrumbs-content":"","ast-featured-img":"","footer-sml-layout":"","theme-transparent-header-meta":"default","adv-header-id-meta":"","stick-header-meta":"","header-above-stick-meta":"","header-main-stick-meta":"","header-below-stick-meta":""},"product_brand":[],"product_cat":[15],"product_tag":[],"class_list":{"0":"post-29335","1":"product","2":"type-product","3":"status-publish","5":"product_cat-okategoriserad","7":"first","8":"instock","9":"virtual","10":"sold-individually","11":"purchasable","12":"product-type-simple"},"aioseo_notices":[],"jetpack_sharing_enabled":true,"_links":{"self":[{"href":"https:\/\/forelasare.hratonce.com\/coaching\/wp-json\/wp\/v2\/product\/29335","targetHints":{"allow":["GET"]}}],"collection":[{"href":"https:\/\/forelasare.hratonce.com\/coaching\/wp-json\/wp\/v2\/product"}],"about":[{"href":"https:\/\/forelasare.hratonce.com\/coaching\/wp-json\/wp\/v2\/types\/product"}],"version-history":[{"count":3,"href":"https:\/\/forelasare.hratonce.com\/coaching\/wp-json\/wp\/v2\/product\/29335\/revisions"}],"predecessor-version":[{"id":29339,"href":"https:\/\/forelasare.hratonce.com\/coaching\/wp-json\/wp\/v2\/product\/29335\/revisions\/29339"}],"wp:attachment":[{"href":"https:\/\/forelasare.hratonce.com\/coaching\/wp-json\/wp\/v2\/media?parent=29335"}],"wp:term":[{"taxonomy":"product_brand","embeddable":true,"href":"https:\/\/forelasare.hratonce.com\/coaching\/wp-json\/wp\/v2\/product_brand?post=29335"},{"taxonomy":"product_cat","embeddable":true,"href":"https:\/\/forelasare.hratonce.com\/coaching\/wp-json\/wp\/v2\/product_cat?post=29335"},{"taxonomy":"product_tag","embeddable":true,"href":"https:\/\/forelasare.hratonce.com\/coaching\/wp-json\/wp\/v2\/product_tag?post=29335"}],"curies":[{"name":"wp","href":"https:\/\/api.w.org\/{rel}","templated":true}]}}