{"id":94,"date":"2019-08-13T07:32:10","date_gmt":"2019-08-13T05:32:10","guid":{"rendered":"http:\/\/forelasare.hratonce.com\/?post_type=product&#038;p=94"},"modified":"2025-07-07T15:55:50","modified_gmt":"2025-07-07T13:55:50","slug":"guldmedlemskap-18000-per-ar","status":"publish","type":"product","link":"https:\/\/forelasare.hratonce.com\/coaching\/produkt\/courses\/guldmedlemskap-18000-per-ar\/","title":{"rendered":"F\u00f6rel\u00e4sarekonto       625 per m\u00e5nad*"},"content":{"rendered":"<p>F\u00f6rel\u00e4sarkonto 1. F\u00f6r 625 kronor inklusive moms per m\u00e5nad erbjuds du:<\/p>\n<p>Ett f\u00f6rel\u00e4sar\/Expertkonto d\u00e4r du f\u00e5r tillg\u00e5ng till<\/p>\n<p>-Att s\u00e4lja dina r\u00e5dgivningstj\u00e4nster. Du best\u00e4mmer priset.<\/p>\n<p>Vi l\u00e4gger ut dig med bild och text som du sj\u00e4lv komponerar och med pris.<\/p>\n<p>Du kan l\u00e4gga ut ett kostnadsfritt alternativ till exempel f\u00f6rsta konsultationen.<\/p>\n<p>&nbsp;<\/p>\n<p><b>Vi marknadsf\u00f6r dig och dina tj\u00e4nster.<\/b><\/p>\n<p>Som konsult \u00e4r det viktigt att kunna n\u00e5 ut till potentiella kunder och att erbjuda r\u00e5dgivning \u00e4r ett effektivt s\u00e4tt att g\u00f6ra det. Genom att skapa ett f\u00f6rel\u00e4sarkonto p\u00e5 v\u00e5r hemsida kan du enkelt marknadsf\u00f6ra dina expertkunskaper och n\u00e5 ut till en v\u00e4xande och engagerad publik<\/p>\n<p>Vad kan du f\u00f6rv\u00e4nta dig av att ha ett f\u00f6rel\u00e4sarkonto hos oss? F\u00f6rst och fr\u00e4mst f\u00e5r du en fullt anpassningsbar profil d\u00e4r du kan presentera dig sj\u00e4lv, din bakgrund och dina specialomr\u00e5den. Genom att l\u00e4gga till en profilbild och en personlig beskrivning kommer du att skapa ett starkt f\u00f6rsta intryck p\u00e5 bes\u00f6kare. Du har n\u00e4mligen skapat ditt brand- varum\u00e4rke.<\/p>\n<p>Vi marknadsf\u00f6r aktivt v\u00e5r plattform och bist\u00e5r med att sprida dina konsulttj\u00e4nster till potentiella kunder.<\/p>\n<p>Vi erbjuder en enkel betalningsmodell som ger dig flexibilitet och kontroll \u00f6ver ditt arbete. Du best\u00e4mmer sj\u00e4lv priset f\u00f6r dina tj\u00e4nster och du f\u00e5r en st\u00f6rre del av int\u00e4kterna<\/p>\n<p>Genom att vara en del av v\u00e5r plattform har du m\u00f6jlighet att ansluta och n\u00e4tverka med andra konsultf\u00f6rel\u00e4sare. Du kan dela erfarenheter , utbyta tips och skapa samarbeten som kan leda till nya m\u00f6jligheter. Vi tror p\u00e5 att st\u00e4rka konsultbranchen som helhet<\/p>\n<p>Ta ett f\u00f6rel\u00e4sarkonto nu och ta chansen att n\u00e5 ut till en bred och global publik, marknadsf\u00f6ra dina expertkunskaper och \u00f6ka din synlighet.<\/p>\n<p>&nbsp;<\/p>\n<p>&nbsp;<\/p>\n<p>*Priser ink moms<\/p>\n<p>&nbsp;<\/p>\n<p>&nbsp;<\/p>\n","protected":false},"excerpt":{"rendered":"<p>F\u00f6rel\u00e4sarkonto 1. F\u00f6r 625 kronor inklusive moms per m\u00e5nad erbjuds du:<\/p>\n<p>Ett f\u00f6rel\u00e4sar\/Expertkonto d\u00e4r du f\u00e5r tillg\u00e5ng till<\/p>\n<p>-Att h\u00e5lla f\u00f6rel\u00e4sningar, presentationer, workshops som rymmer upp till 100 deltagare i varje\u00a0 . Du f\u00e5r 2 valfria tillf\u00e4llen att h\u00e5lla f\u00f6rel\u00e4sning och eller\u00a0 workshops.<\/p>\n<p>\u00c4r du coach f\u00e5r du l\u00e4gga ut dina coachingerbjudanden s\u00e4tta det pris du \u00f6nskar. Du kan ocks\u00e5 l\u00e4gga ut ett kostnadsfritt alternativ.<\/p>\n<p><b>Vi marknadsf\u00f6r dig och dina tj\u00e4nster.<\/b><\/p>\n<p>Som konsult \u00e4r det viktigt att kunna n\u00e5 ut till potentiella kunder och f\u00f6rel\u00e4sningar \u00e4r ett effektivt s\u00e4tt att g\u00f6ra det. Genom att skapa ett f\u00f6rel\u00e4sarkonto p\u00e5 v\u00e5r hemsida kan du enkelt marknadsf\u00f6ra dina expertkunskaper och n\u00e5 ut till en v\u00e4xande och engagerad publik<\/p>\n<p>Vad kan du f\u00f6rv\u00e4nta dig av att ha ett f\u00f6rel\u00e4sarkonto hos oss? F\u00f6rst och fr\u00e4mst f\u00e5r du en fullt anpassningsbar profil d\u00e4r du kan presentera dig sj\u00e4lv, din bakgrund och dina specialomr\u00e5den. Genom att l\u00e4gga till en profilbild och en personlig beskrivning kommer du att kapa ett starkt f\u00f6rsta intryck p\u00e5 bes\u00f6kare. Du har n\u00e4mligen skapat ditt brand- varum\u00e4rke.<\/p>\n<p>Vi marknadsf\u00f6r aktivt v\u00e5r plattform och bist\u00e5r med att sprida dina konsulttj\u00e4nster till potentiella kunder.<\/p>\n<p>Vi erbjuder en enkel betalningsmodell som ger dig flexibilitet och kontroll \u00f6ver ditt arbete. Du best\u00e4mmer sj\u00e4lv priset f\u00f6r dina tj\u00e4nster och du f\u00e5r en st\u00f6rre del av int\u00e4kterna<\/p>\n<p>Genom att vara en del av v\u00e5r plattform har du m\u00f6jlighet att ansluta och n\u00e4tverka med andra konsultf\u00f6rel\u00e4sare. Du kan dela erfarenheter , utbyta tips och skapa samarbeten som kan leda till nya m\u00f6jligheter. Vi tror p\u00e5 att st\u00e4rka konsultf\u00f6rel\u00e4sningsbranchen som helhet<\/p>\n<p>Ta ett f\u00f6rel\u00e4sarkonto nu och ta chansen att n\u00e5 ut till en bred och global publik, marknadsf\u00f6ra dina expertkunskaper och \u00f6ka din synlighet.<\/p>\n<p>Du kan l\u00e4nka fr\u00e5n din egen hemsida till hratonce.com. Programmeringskostnader tillkommer<\/p>\n<p>&nbsp;<\/p>\n<p>*Priser ink moms<\/p>\n<p>&nbsp;<\/p>\n<p>&nbsp;<\/p>\n<p>&nbsp;<\/p>\n<p>&nbsp;<\/p>\n<p>&nbsp;<\/p>\n<p>&nbsp;<\/p>\n<p>&nbsp;<\/p>\n<p>dig som h\u00e5ller f\u00f6rel\u00e4sningar och utbildningar regelbundet. Du vill ge dina kunder live online alternativ f\u00f6r m\u00f6ten, f\u00f6rel\u00e4sningar och f\u00f6r workshops<\/p>\n<p>Detta ing\u00e5r i F\u00f6rel\u00e4sarkonto 1:<\/p>\n<p>Ett f\u00f6rel\u00e4sarkonto\/en f\u00f6rel\u00e4sarplats<\/p>\n<p>Ett f\u00f6rel\u00e4sarkonto inneb\u00e4r:<\/p>\n<ul>\n<li>Att du kan nyttja v\u00e5ra tj\u00e4nster under ett \u00e5r. Du kan alltid f\u00f6rnya ditt medlemskap<\/li>\n<li>En f\u00f6rel\u00e4sareplats d\u00e4r du kan h\u00e5lla upp till 2\u00a0 anf\u00f6randen\/workshops och presentationer f\u00f6r upp till 100 personer\/g\u00e5ng<\/li>\n<li>Workshop funktion d\u00e4r du kan\u00a0 utbilda live med upp till 100 medverkande<\/li>\n<li>M\u00f6jlighet till gruppindelning i m\u00f6tesfunktionen<\/li>\n<li>Utbildarplats d\u00e4r du l\u00e4gger ut dina videokurser<\/li>\n<li>Din profil, bio och bild p\u00e5 HRatOnce.com<\/li>\n<\/ul>\n<p>N\u00e4r du best\u00e4ller f\u00f6rel\u00e4sarkonto 1 f\u00e5r du<\/p>\n<p>En moderator som backar up online live &#8211; Presenterar dig, h\u00e5ller ordning p\u00e5 chattfunktionen.<\/p>\n<p>Du h\u00e5ller f\u00f6rel\u00e4sningar live on line med hj\u00e4lp av HRatOnce moderator<\/p>\n<p>Hantering av anm\u00e4lningar<\/p>\n<p>Deltagarlistor skickas dig efter varje f\u00f6rel\u00e4sning<\/p>\n<p><b>Vi marknadsf\u00f6r dig och dina tj\u00e4nster.<\/b><\/p>\n<p>-Du f\u00e5r din profil , bio och bild samt en beskrivning av dina tj\u00e4nster presenterat p\u00e5 bokningssidan hratonce.com. Vi marknadsf\u00f6r dig i sociala medier. Vi l\u00e4gger ut dina workshops\/f\u00f6rel\u00e4sningar p\u00e5 eventsidan p\u00e5 LinkedIn. Vi profilerar dig och dina tj\u00e4nster d\u00e4r.<\/p>\n[maxbutton id=\"4\" ]\n<p>-Vi l\u00e4gger upp din f\u00f6rel\u00e4sning som du vill h\u00e5lla live online i systemet som sedan visas p\u00e5 sidan hratonce.com d\u00e4r dina kunder kan boka direkt. du s\u00e4tter priset f\u00f6r f\u00f6rel\u00e4sningen respektive kursen<\/p>\n<p>-Du kan l\u00e4nka fr\u00e5n din egen hemsida till hratonce.com. Programmeringskostnader tillkommer<\/p>\n<p>*moms inkluderat i m\u00e5nadspriset<\/p>\n<p>&nbsp;<\/p>\n","protected":false},"featured_media":281,"template":"","meta":{"om_disable_all_campaigns":false,"_exactmetrics_skip_tracking":false,"_exactmetrics_sitenote_active":false,"_exactmetrics_sitenote_note":"","_exactmetrics_sitenote_category":0,"_monsterinsights_skip_tracking":false,"_monsterinsights_sitenote_active":false,"_monsterinsights_sitenote_note":"","_monsterinsights_sitenote_category":0,"site-sidebar-layout":"default","site-content-layout":"default","ast-main-header-display":"","ast-hfb-above-header-display":"","ast-hfb-below-header-display":"","ast-hfb-mobile-header-display":"","site-post-title":"","ast-breadcrumbs-content":"","ast-featured-img":"","footer-sml-layout":"","theme-transparent-header-meta":"default","adv-header-id-meta":"","stick-header-meta":"","header-above-stick-meta":"","header-main-stick-meta":"","header-below-stick-meta":""},"product_brand":[],"product_cat":[31],"product_tag":[],"class_list":{"0":"post-94","1":"product","2":"type-product","3":"status-publish","4":"has-post-thumbnail","6":"product_cat-https-forelasare-hratonce-com-produkt-guldmedlemskap-18000-per-ar","8":"first","9":"instock","10":"virtual","11":"purchasable","12":"product-type-simple"},"aioseo_notices":[],"jetpack_sharing_enabled":true,"_links":{"self":[{"href":"https:\/\/forelasare.hratonce.com\/coaching\/wp-json\/wp\/v2\/product\/94","targetHints":{"allow":["GET"]}}],"collection":[{"href":"https:\/\/forelasare.hratonce.com\/coaching\/wp-json\/wp\/v2\/product"}],"about":[{"href":"https:\/\/forelasare.hratonce.com\/coaching\/wp-json\/wp\/v2\/types\/product"}],"version-history":[{"count":5,"href":"https:\/\/forelasare.hratonce.com\/coaching\/wp-json\/wp\/v2\/product\/94\/revisions"}],"predecessor-version":[{"id":29461,"href":"https:\/\/forelasare.hratonce.com\/coaching\/wp-json\/wp\/v2\/product\/94\/revisions\/29461"}],"wp:featuredmedia":[{"embeddable":true,"href":"https:\/\/forelasare.hratonce.com\/coaching\/wp-json\/wp\/v2\/media\/281"}],"wp:attachment":[{"href":"https:\/\/forelasare.hratonce.com\/coaching\/wp-json\/wp\/v2\/media?parent=94"}],"wp:term":[{"taxonomy":"product_brand","embeddable":true,"href":"https:\/\/forelasare.hratonce.com\/coaching\/wp-json\/wp\/v2\/product_brand?post=94"},{"taxonomy":"product_cat","embeddable":true,"href":"https:\/\/forelasare.hratonce.com\/coaching\/wp-json\/wp\/v2\/product_cat?post=94"},{"taxonomy":"product_tag","embeddable":true,"href":"https:\/\/forelasare.hratonce.com\/coaching\/wp-json\/wp\/v2\/product_tag?post=94"}],"curies":[{"name":"wp","href":"https:\/\/api.w.org\/{rel}","templated":true}]}}